{"id":157,"date":"2024-06-05T21:50:10","date_gmt":"2024-06-05T19:50:10","guid":{"rendered":"https:\/\/server915535.nazwa.pl\/wordpress\/wpn_Lovem\/?product=serum-nawilzajace-lovem-twarz-dekolt-jedwab-i-hialuron"},"modified":"2026-04-16T16:27:24","modified_gmt":"2026-04-16T14:27:24","slug":"serum-nawilzajace-lovem-twarz-dekolt-jedwab-i-hialuron","status":"publish","type":"product","link":"https:\/\/www.lovem.eu\/de\/produkt\/serum-nawilzajace-lovem-twarz-dekolt-jedwab-i-hialuron\/","title":{"rendered":"Serum dla cery wymagaj\u0105cej nawil\u017cenia LOVEM | Twarz Dekolt | Jedwab i Hialuron"},"content":{"rendered":"<p>99% sk\u0142adnik\u00f3w pochodzenia naturalnego<\/p>\n<p><strong><b>G\u0142\u00f3wny filar piel\u0119gnacji : ukojenie i nawil\u017cenie<\/b><\/strong><\/p>\n<p>Zadanie serum\/boostera<\/p>\n<p>\u2714\u00a0Pomaga ukoi\u0107 sk\u00f3r\u0119, \u0142agodzi podra\u017cnienia<\/p>\n<p>Za takie efekty odpowiada alantoina, owies, nagietek, aksamitka i cenne biofermenty. Ekstrakt z \u00a0nagietka ma koj\u0105ce w\u0142a\u015bciwo\u015bci kt\u00f3re, s\u0105 znane nie od dzi\u015b. Jego piel\u0119gnuj\u0105ce dzia\u0142anie jest kluczowe przede wszystkim dla cery delikatnej, kt\u00f3ra nierzadko boryka si\u0119 z podra\u017cnieniami r\u00f3\u017cnego pochodzenia. Nagietek doskonale oczyszcza sk\u00f3r\u0119 oraz przyspiesza jej odnow\u0119. W ten spos\u00f3b cera staje si\u0119 przyjemna w dotyku i bardziej elastyczna. Nagietek odpowiada za wyr\u00f3wnanie koloru sk\u00f3ry, co jest szczeg\u00f3lnie wa\u017cne w przypadku obecno\u015bci przebarwie\u0144.<\/p>\n<p>\u2714\u00a0Mocno nawil\u017ca i uj\u0119drnia nie obci\u0105\u017caj\u0105c sk\u00f3ry<\/p>\n<p>Zapewniaj\u0105 to kwas hialuronowy, hydrolat z rumianu rzymskiego, s\u00f3d PCA, sorbitol, betaina i aloes. Hialuron swoj\u0105 s\u0142aw\u0119 zawdzi\u0119cza zdolno\u015bci utrzymywania nawil\u017cenia sk\u00f3ry. Ma doskona\u0142e w\u0142a\u015bciwo\u015bci \u0142agodz\u0105ce, skutecznie nawil\u017ca przesuszon\u0105 sk\u00f3r\u0119 ze sk\u0142onno\u015bciami do pierzchni\u0119cia, nadmiernie wysuszon\u0105. Wyg\u0142adza, poprawia elastyczno\u015b\u0107, uj\u0119drnia. Dobrze nawil\u017cona sk\u00f3ra staje si\u0119 bardziej przychylna dla substancji czynnych. S\u00f3d PCA wyst\u0119puje w sk\u00f3rze jako sk\u0142adnik naturalnego czynnika nawil\u017caj\u0105cego (NMF), kt\u00f3ry odpowiada za w\u0142a\u015bciwe nawil\u017cenie i elastyczno\u015b\u0107 warstwy rogowej nask\u00f3rka. Jeden z najbardziej efektywnych skladnik\u00f3w nawil\u017caj\u0105cych. Stosowany nawet w du\u017cych st\u0119\u017ceniach nie wykazuje dzia\u0142ania dra\u017cni\u0105cego. Ma zdolno\u015b\u0107 penetrowania w g\u0142\u0105b warstwy rogowej, zapobiegaj\u0105c wysuszeniu sk\u00f3ry.<\/p>\n<p>Wi\u0119cej bada\u0144 naukowych o hialuronie tu: <a href=\"https:\/\/pubmed.ncbi.nlm.nih.gov\/30287361\/\"><em>https:\/\/pubmed.ncbi.nlm.nih.gov\/30287361\/<\/em><\/a><\/p>\n<p>Wi\u0119cej bada\u0144 naukowych o S\u00f3d PCA tu: <a href=\"https:\/\/pubmed.ncbi.nlm.nih.gov\/31522652\/\"><em>https:\/\/pubmed.ncbi.nlm.nih.gov\/31522652\/<\/em><\/a><\/p>\n<p>&nbsp;<\/p>\n<p>\u2714 Wykorzystuje sprawdzone botaniczne sk\u0142adniki, kt\u00f3re chroni\u0105 przed wolnymi rodnikami<\/p>\n<p>Antyoksydacja &#8211; klucz do zdrowej sk\u00f3ry. Zajm\u0105 si\u0119 tym : naturalna witamina E i nagietek. Zwalczanie wolnych rodnik\u00f3w jest jedn\u0105 z najwa\u017cniejszych zalet dzia\u0142ania witaminy E. Jej dzia\u0142anie antyoksydacyjne przyczynia si\u0119 do zachowania m\u0142odzie\u0144czego i \u015bwie\u017cego wygl\u0105du sk\u00f3ry na d\u0142u\u017cej. Witamina E hamuje procesy starzenia, a w\u0142a\u015bciwie op\u00f3\u017ania je, dzi\u0119ki czemu sk\u00f3ra wygl\u0105da \u015bwietnie przez d\u0142ugi czas.<\/p>\n<p>Fakty naukowe o antyoksydacji dla sk\u00f3ry tu: <a href=\"https:\/\/pmc.ncbi.nlm.nih.gov\/articles\/PMC5514576\/\"><em>https:\/\/pmc.ncbi.nlm.nih.gov\/articles\/PMC5514576\/<\/em><\/a><\/p>\n<p>&nbsp;<\/p>\n<p>\u2714 Pomaga niwelowa\u0107 oznaki starzenia<\/p>\n<p>Wiadomo, \u017ce dobrze nawil\u017cona i od\u017cywiona sk\u00f3ra wygl\u0105da zdrowo i m\u0142odo. Jest g\u0142adka i napi\u0119ta. O to zadbaj\u0105 sk\u0142adniki nawil\u017caj\u0105ce serum oraz oleje z truskawki, granat\u00f3w, pszenicy, orzecha w\u0142oskiego i skwalan, kt\u00f3ry zapewni prawid\u0142owe nawodnienie sk\u00f3ry oraz utrzymanie jej elastyczno\u015bci.\u00a0Biofermenty zadbaj\u0105 o mikrobiom sk\u00f3ry. A witamina E uj\u0119drni i wymiecie wolne rodniki.<\/p>\n<p><img loading=\"lazy\" decoding=\"async\" class=\"alignnone wp-image-1839\" src=\"https:\/\/www.lovem.eu\/wp-content\/uploads\/2024\/06\/14-1-240x300.jpg\" alt=\"\" width=\"347\" height=\"434\" \/><\/p>\n<p><strong><b>Dlaczego serum booster LOVEM Silk &amp; Hialuron?<\/b><\/strong><\/p>\n<ul>\n<li>Wysokie st\u0119\u017cenia sk\u0142adnik\u00f3w aktywnych<\/li>\n<li>Czysty sk\u0142ad<\/li>\n<li>Manufakturowa jako\u015b\u0107<\/li>\n<li>Skuteczno\u015b\u0107 potwierdzona badaniami aplikacyjnymi<\/li>\n<li>Wydajna formu\u0142a<\/li>\n<li>Produkcja ma\u0142ych, zawsze \u015bwie\u017cych partii kosmetyku<\/li>\n<\/ul>\n<p>&nbsp;<\/p>\n<p><strong><b>Dla jakiej cery <\/b><\/strong><strong><b>serum booster LOVEM<\/b><\/strong><strong><b>\u00a0<\/b><\/strong><strong><b>Silk &amp; Hialuron spra<\/b><\/strong><strong><b>wdzi si\u0119 najlepiej<\/b><\/strong><strong><b>\u00a0?<\/b><\/strong><\/p>\n<ul>\n<li>Dla normalnej, suchej i mieszanej<\/li>\n<li>Z tendencj\u0105 do suchych sk\u00f3rek<\/li>\n<li>Z widocznymi oznakami starzenia<\/li>\n<li>Ze zmarszczkami mimicznymi<\/li>\n<li>Dla cery delikatnej i nadreaktywnej<\/li>\n<\/ul>\n<p>&nbsp;<\/p>\n<p><strong><b>Czy wiesz, \u017ce?<\/b><\/strong><\/p>\n<p>Nowe badania sugeruj\u0105, \u017ce aloes mo\u017ce mie\u0107 niezwykle interesuj\u0105cy wp\u0142yw na procesy epigenetyczne, kt\u00f3re s\u0105 zwi\u0105zane z starzeniem si\u0119 sk\u00f3ry. Cho\u0107 aloes jest znany z w\u0142a\u015bciwo\u015bci nawil\u017caj\u0105cych i \u0142agodz\u0105cych, okazuje si\u0119, \u017ce mo\u017ce on r\u00f3wnie\u017c wp\u0142ywa\u0107 na \u201egeny starzenia\u201d i poprawia\u0107 m\u0142odszy wygl\u0105d sk\u00f3ry na poziomie kom\u00f3rkowym.<\/p>\n<p>Wi\u0119cej naukowo potwierdzonych fakt\u00f3w o aloesie znajdziesz tu: <a href=\"https:\/\/pubmed.ncbi.nlm.nih.gov\/20548848\/\"><em>https:\/\/pubmed.ncbi.nlm.nih.gov\/20548848\/<\/em><\/a><\/p>\n<p><strong><b>\u00a0<\/b><\/strong><\/p>\n<p><strong><b>Wskaz\u00f3wka LOVEM<\/b><\/strong><\/p>\n<p>Znasz sposoby na nawadnianie organizmu od wewn\u0105trz?<\/p>\n<p>Wypr\u00f3buj nap\u00f3j z dodatkiem soku z cytryny, soli himalajskiej lub wody kokosowej, kt\u00f3re wzbogacaj\u0105 wod\u0119 o elektrolity. Nasiona chia tworz\u0105 \u017cel, kt\u00f3ry zatrzymuje wod\u0119 i wspomaga nawil\u017cenie \u2013 dodaj je do napoj\u00f3w lub smoothie. Sok z aloesu poprawia wch\u0142anianie wody i nawil\u017ca sk\u00f3r\u0119. Wypr\u00f3buj tak\u017ce ekstrakt z morskich alg, kt\u00f3ry wzbogaca wod\u0119 o minera\u0142y. U\u017cywaj \u015bwie\u017cych owoc\u00f3w i warzyw o wysokiej zawarto\u015bci wody, takich jak og\u00f3rki i arbuzy, kt\u00f3re pi\u0119knie wspieraj\u0105 nawodnienie. Pij ma\u0142e porcje wody regularnie przez ca\u0142y dzie\u0144, aby przez ca\u0142y czas utrzyma\u0107 r\u00f3wnowag\u0119 wodn\u0105.<\/p>\n<p>Co o tym m\u00f3wi nauka, przeczytasz tu: <a href=\"https:\/\/www.ncbi.nlm.nih.gov\/books\/NBK234935\/\"><em>https:\/\/www.ncbi.nlm.nih.gov\/books\/NBK234935\/<\/em><\/a><\/p>\n<p><strong><b>\u00a0<\/b><\/strong><\/p>\n","protected":false},"excerpt":{"rendered":"<p>Unikalna, formu\u0142a \u00a0botanicznego \u00a0serum boostera dzi\u0119ki swoim sk\u0142adnikom pomo\u017ce w nawil\u017ceniu i ukojeniu sk\u00f3ry.<\/p>\n<p>Zadbaj\u0105 o to hydrolat z rumianu rzymskiego, nagietek, aksamitka i alantoina, kt\u00f3ra dzia\u0142a nawil\u017caj\u0105co, zmi\u0119kczaj\u0105co i \u0142agodz\u0105co.<\/p>\n<p>Swoje piel\u0119gnuj\u0105ce i nawil\u017caj\u0105ce w\u0142a\u015bciwo\u015bci zademonstruje owies, betaina \u00a0i s\u00f3d PCA \u00a0kt\u00f3ry jest \u00a0odpowiedzialny\u00a0za utrzymywanie wody w nask\u00f3rku dzi\u0119ki czemu nawil\u017ca i wyg\u0142adza sk\u00f3r\u0119.<\/p>\n<p>Serum zawiera aloes i biofermenty, kt\u00f3re zadbaj\u0105 o mikroflor\u0119 sk\u00f3ry, zadzia\u0142aj\u0105 antyoksydacyjnie, rewitalizuj\u0105co i zmniejsz\u0105 widoczne\u00a0 oznaki starzenia. Przyczyni\u0105 si\u0119 do poprawy\u00a0 j\u0119drno\u015bci sk\u00f3ry. Doskonale nawil\u017c\u0105 sk\u00f3r\u0119 i sprawi\u0105, \u017ce b\u0119dzie mi\u0119kka i g\u0142adka.<\/p>\n<p>Formu\u0142\u0119 wzbogacaj\u0105 \u00a0niezwyk\u0142e oleje z pszenicy, og\u00f3recznika, truskawki czy orzech\u00f3w w\u0142oskich do kt\u00f3rych \u00a0do\u0142\u0105czy\u0142a naturalna witamina E i skwalan.<\/p>\n<p>Booster zawiera koktajl\u00a0ekstrakt\u00f3w\u00a0CO2 z malin, nagietek, aksamitk\u0119 oraz sorbitol i hialuron.<\/p>\n<p>15ml &#8211; 1446,67 z\u0142\/100ml &#8211; razem z VAT<\/p>\n<p>30ml &#8211; 890,00 z\u0142\/100ml &#8211; razem z VAT<\/p>\n","protected":false},"featured_media":300,"comment_status":"open","ping_status":"closed","template":"","meta":{"_acf_changed":false,"_et_pb_use_builder":"","_et_pb_old_content":"","_et_gb_content_width":""},"product_brand":[],"product_cat":[79,80,89,83,86,29],"product_tag":[],"class_list":{"0":"post-157","1":"product","2":"type-product","3":"status-publish","4":"has-post-thumbnail","6":"product_cat-cera-sucha","7":"product_cat-cera-wrazliwa","8":"product_cat-kosmetyki-weganskie","9":"product_cat-nawilzanie","10":"product_cat-regeneracja","11":"product_cat-sera-boostery","13":"first","14":"instock","15":"taxable","16":"shipping-taxable","17":"purchasable","18":"product-type-variable","19":"has-default-attributes"},"acf":[],"_links":{"self":[{"href":"https:\/\/www.lovem.eu\/de\/wp-json\/wp\/v2\/product\/157","targetHints":{"allow":["GET"]}}],"collection":[{"href":"https:\/\/www.lovem.eu\/de\/wp-json\/wp\/v2\/product"}],"about":[{"href":"https:\/\/www.lovem.eu\/de\/wp-json\/wp\/v2\/types\/product"}],"replies":[{"embeddable":true,"href":"https:\/\/www.lovem.eu\/de\/wp-json\/wp\/v2\/comments?post=157"}],"wp:featuredmedia":[{"embeddable":true,"href":"https:\/\/www.lovem.eu\/de\/wp-json\/wp\/v2\/media\/300"}],"wp:attachment":[{"href":"https:\/\/www.lovem.eu\/de\/wp-json\/wp\/v2\/media?parent=157"}],"wp:term":[{"taxonomy":"product_brand","embeddable":true,"href":"https:\/\/www.lovem.eu\/de\/wp-json\/wp\/v2\/product_brand?post=157"},{"taxonomy":"product_cat","embeddable":true,"href":"https:\/\/www.lovem.eu\/de\/wp-json\/wp\/v2\/product_cat?post=157"},{"taxonomy":"product_tag","embeddable":true,"href":"https:\/\/www.lovem.eu\/de\/wp-json\/wp\/v2\/product_tag?post=157"}],"curies":[{"name":"wp","href":"https:\/\/api.w.org\/{rel}","templated":true}]}}