{"id":158,"date":"2024-06-05T21:50:10","date_gmt":"2024-06-05T19:50:10","guid":{"rendered":"https:\/\/server915535.nazwa.pl\/wordpress\/wpn_Lovem\/?product=serum-odmladzajace-lovem-opuncja-i-platki-zlota"},"modified":"2025-12-19T12:38:40","modified_gmt":"2025-12-19T11:38:40","slug":"serum-odmladzajace-lovem-opuncja-i-platki-zlota","status":"publish","type":"product","link":"https:\/\/www.lovem.eu\/de\/produkt\/serum-odmladzajace-lovem-opuncja-i-platki-zlota\/","title":{"rendered":"Serum dla cery dojrza\u0142ej LOVEM | Opuncja i 24K Z\u0142oto"},"content":{"rendered":"<p>99% sk\u0142adnik\u00f3w pochodzenia naturalnego<\/p>\n<p><strong><b>G\u0142\u00f3wny filar piel\u0119gnacji : roz\u015bwietlenie i widoczne sp\u0142ycenie zmarszczek<br \/>\n<\/b><\/strong><\/p>\n<p>Zadanie serum\/boostera<\/p>\n<p>\u2714\u00a0Niezwyk\u0142y efekt roz\u015bwietlenia i czystej promiennej cery<\/p>\n<p>To oczywiste, \u017ce tak w\u0142a\u015bnie dzia\u0142a prawdziwe Z\u0142oto. \u0141agodzi podra\u017cnienia i zaczerwienienia jest \u00a0idealne dla delikatnej sk\u00f3ry. Sprzyja regeneracji sk\u00f3ry i poprawia jej j\u0119drno\u015b\u0107 oraz elastyczno\u015b\u0107. Odbija \u015bwiat\u0142o, dodaj\u0105c sk\u00f3rze subtelnego blasku i zdrowego wygl\u0105du. Dzia\u0142a antyoksydacyjnie, chroni\u0105c sk\u00f3r\u0119 przed oznakami starzenia. Wspiera zdrowy wygl\u0105d sk\u00f3ry. Ale najwa\u017cniejsze jest, to \u017ce \u00a0dodaje sk\u00f3rze blasku, \u0142agodzi podra\u017cnienia i wspomaga jej regeneracj\u0119.<\/p>\n<p>Wi\u0119cej naukowych fakt\u00f3w o dzia\u0142aniu 24K z\u0142ota na sk\u00f3r\u0119 tu: <a href=\"https:\/\/pubmed.ncbi.nlm.nih.gov\/21385746\/\"><em>https:\/\/pubmed.ncbi.nlm.nih.gov\/21385746\/<\/em><\/a><\/p>\n<p>&nbsp;<\/p>\n<p>\u2714\u00a0Spowolnienie oznak starzenia i wyg\u0142adzenie drobnych zmarszczek<\/p>\n<p>Na to wp\u0142ywa zw\u0142aszcza olej z Opuncji Figowej. Opuncja\u00a0to luksusowy sk\u0142adnik, kt\u00f3ry zdoby\u0142 uznanie dzi\u0119ki swoim wyj\u0105tkowym w\u0142a\u015bciwo\u015bciom. Jest bogaty w nienasycone kwasy t\u0142uszczowe, witaminy E i K oraz antyoksydanty, kt\u00f3re intensywnie nawil\u017caj\u0105, regeneruj\u0105 i uj\u0119drniaj\u0105 sk\u00f3r\u0119. Dzi\u0119ki wysokiej zawarto\u015bci kwasu linolowego, olej ten wspiera barier\u0119 ochronn\u0105 sk\u00f3ry, pomagaj\u0105c w walce z przesuszeniem i przedwczesnym starzeniem si\u0119. Jego lekka konsystencja szybko si\u0119 wch\u0142ania, pozostawiaj\u0105c sk\u00f3r\u0119 jedwabi\u015bcie g\u0142adk\u0105 i promienn\u0105. Idealny dla ka\u017cdego typu sk\u00f3ry, w tym wra\u017cliwej.<\/p>\n<p>Wi\u0119cej o oleju z opuncji: <a href=\"https:\/\/pubmed.ncbi.nlm.nih.gov\/32802857\/\"><em>https:\/\/pubmed.ncbi.nlm.nih.gov\/32802857\/<\/em><\/a><\/p>\n<p>&nbsp;<\/p>\n<p>\u2714 \u00a0Wzmocnienie i uelastycznienie<\/p>\n<p>Wiadomo, \u017ce dobrze nawil\u017cona i od\u017cywiona sk\u00f3ra wygl\u0105da zdrowo i m\u0142odo. Jest g\u0142adka i napi\u0119ta. O to zadbaj\u0105 oleje z pszenicy, granat\u00f3w, wiesio\u0142ka, orzech\u00f3w makadamia, og\u00f3rka i skwalan, kt\u00f3ry zapewni prawid\u0142owe nawodnienie sk\u00f3ry oraz utrzymanie jej elastyczno\u015bci.<\/p>\n<p>&nbsp;<\/p>\n<p>\u2714 Wyj\u0105tkowe od\u017cywienie i wspomaganie proces\u00f3w regeneracyjnych<\/p>\n<p>Tu b\u0119dzie dzia\u0142a\u0142 olej z owoc\u00f3w i nasion dzikiej r\u00f3\u017cy i naturalna witamina E. Olej z dzikiej r\u00f3\u017cy zawiera du\u017c\u0105 ilo\u015b\u0107 witaminy C. Zapobiega starzeniu si\u0119 sk\u00f3ry. Rozja\u015bnia przebarwienia i wyr\u00f3wnuje koloryt. Przywraca \u015bwie\u017cy i zdrowy wygl\u0105d.<\/p>\n<p>&nbsp;<\/p>\n<p><span style=\"font-family: helvetica, arial, sans-serif;\"><img loading=\"lazy\" decoding=\"async\" class=\"aligncenter wp-image-1526 size-large\" src=\"http:\/\/dvie.pl\/wp-content\/uploads\/2024\/06\/IMG_2767-e1722339742139-1024x708.jpg\" alt=\"\" width=\"1024\" height=\"708\" srcset=\"https:\/\/www.lovem.eu\/wp-content\/uploads\/2024\/06\/IMG_2767-e1722339742139-1024x708.jpg 1024w, https:\/\/www.lovem.eu\/wp-content\/uploads\/2024\/06\/IMG_2767-e1722339742139-300x207.jpg 300w, https:\/\/www.lovem.eu\/wp-content\/uploads\/2024\/06\/IMG_2767-e1722339742139-768x531.jpg 768w, https:\/\/www.lovem.eu\/wp-content\/uploads\/2024\/06\/IMG_2767-e1722339742139-1536x1062.jpg 1536w, https:\/\/www.lovem.eu\/wp-content\/uploads\/2024\/06\/IMG_2767-e1722339742139-2048x1416.jpg 2048w, https:\/\/www.lovem.eu\/wp-content\/uploads\/2024\/06\/IMG_2767-e1722339742139-1080x747.jpg 1080w, https:\/\/www.lovem.eu\/wp-content\/uploads\/2024\/06\/IMG_2767-e1722339742139-600x415.jpg 600w\" sizes=\"(max-width: 1024px) 100vw, 1024px\" \/><\/span><\/p>\n<p><strong><b>Dlaczego serum booster LOVEM Opuncja &amp; 24K Z\u0142oto?<\/b><\/strong><\/p>\n<ul>\n<li>Wysokie st\u0119\u017cenia sk\u0142adnik\u00f3w aktywnych<\/li>\n<li>Czysty sk\u0142ad<\/li>\n<li>Manufakturowa jako\u015b\u0107<\/li>\n<li>Skuteczno\u015b\u0107 potwierdzona badaniami aplikacyjnymi<\/li>\n<li>Wydajna formu\u0142a<\/li>\n<li>Produkcja ma\u0142ych, zawsze \u015bwie\u017cych partii kosmetyku<\/li>\n<\/ul>\n<p>&nbsp;<\/p>\n<p><strong><b>Dla jakiej cery <\/b><\/strong><strong><b>serum booster LOVEM<\/b><\/strong><strong><b>\u00a0<\/b><\/strong><strong><b>Opuncja &amp; 24K Z\u0142oto <\/b><\/strong><strong><b>spra<\/b><\/strong><strong><b>wdzi si\u0119 najlepiej<\/b><\/strong><strong><b>\u00a0?<\/b><\/strong><\/p>\n<ul>\n<li>Dla normalnej, mieszanej i problematycznej<\/li>\n<li>Z tendencj\u0105 do suchych sk\u00f3rek<\/li>\n<li>Z widocznymi oznakami starzenia<\/li>\n<li>Ze zmarszczkami mimicznymi<\/li>\n<li>Dla cery przet\u0142uszczaj\u0105cej si\u0119<\/li>\n<li>Dla cery wymagaj\u0105cej blasku, szarej i matowej<\/li>\n<\/ul>\n<p>&nbsp;<\/p>\n<p><strong><b>Czy wiesz, \u017ce?<\/b><\/strong><\/p>\n<p>24K z\u0142oto ma d\u0142ug\u0105 histori\u0119 stosowania w kosmetyce, si\u0119gaj\u0105c\u0105 czas\u00f3w staro\u017cytnych. Jednym z najbardziej fascynuj\u0105cych przyk\u0142ad\u00f3w jest u\u017cycie z\u0142ota przez Kleopatr\u0119 VII, ostatni\u0105 kr\u00f3low\u0105 Egiptu.<\/p>\n<p>Legenda g\u0142osi, \u017ce Kleopatra by\u0142a znana z codziennego stosowania masek z 24K z\u0142ota, aby zachowa\u0107 m\u0142odo\u015b\u0107 i pi\u0119kno sk\u00f3ry. Z\u0142oto by\u0142o uznawane za \u015brodek o niezwyk\u0142ych w\u0142a\u015bciwo\u015bciach regeneracyjnych i przeciwzapalnych. Kleopatra mia\u0142a pono\u0107 spa\u0107 w z\u0142otych maskach, wierz\u0105c, \u017ce z\u0142oto wspiera kr\u0105\u017cenie, poprawia elastyczno\u015b\u0107 sk\u00f3ry i nadaje jej blask.<\/p>\n<p>Wsp\u00f3\u0142czesne badania potwierdzaj\u0105, \u017ce z\u0142oto rzeczywi\u015bcie ma w\u0142a\u015bciwo\u015bci od\u017cywiaj\u0105ce, poprawia mikrokr\u0105\u017cenie i wspomaga wch\u0142anianie innych sk\u0142adnik\u00f3w aktywnych. To sprawia, \u017ce stosowanie 24K z\u0142ota w kosmetykach nie jest jedynie legend\u0105, ale ma swoje podstawy w naukowych badaniach i historii piel\u0119gnacji.<\/p>\n<p>Wi\u0119cej o tym przeczytasz tu: <a href=\"https:\/\/practicaldermatology.com\/topics\/aesthetics-cosmeceuticals\/the-gold-rush-whats-the-value\/23537\/\"><em>https:\/\/practicaldermatology.com\/topics\/aesthetics-cosmeceuticals\/the-gold-rush-whats-the-value\/23537\/<\/em><\/a><\/p>\n<p><strong><b>\u00a0<\/b><\/strong><\/p>\n<p><strong><b>Wskaz\u00f3wka LOVEM<\/b><\/strong><\/p>\n<p><strong><b>\u00a0<\/b><\/strong>Aby roz\u015bwietli\u0107 sk\u00f3r\u0119 i doda\u0107 jej blasku oraz wzbogaci\u0107 sw\u00f3j \u00a0fluid o w\u0142a\u015bciwo\u015bci od\u017cywcze, mo\u017cesz wymiesza\u0107 kilka kropli serum\u00a0Opuncja &amp; 24K Z\u0142oto\u00a0z ulubionym podk\u0142adem.<\/p>\n","protected":false},"excerpt":{"rendered":"<p>To pe\u0142ne blasku, luksusowe, olejowe serum jest prawdziwym skarbem. Zawiera najdro\u017cszy olej \u015bwiata &#8211; olej z opuncji figowej. To jeden z najbardziej luksusowych olej\u00f3w ro\u015blinnych. Intensywnie nawil\u017ca, regeneruje i uj\u0119drnia sk\u00f3r\u0119. Olej z opuncji figowej dzia\u0142a przeciwzmarszczkowo, antyoksydacyjnie oraz zmniejsza widoczno\u015b\u0107 ju\u017c istniej\u0105cych zmarszczek. M\u00f3wi si\u0119 o nim, \u017ce dzia\u0142a jak naturalny botoks.<\/p>\n<p>Po\u0142\u0105czenie z 24 K Z\u0142otem, kt\u00f3re roz\u015bwietla, dodaje blasku, dzia\u0142a od\u017cywczo, przeciwstarzeniowo i nawil\u017caj\u0105co, poprawiaj\u0105c wygl\u0105d i elastyczno\u015b\u0107 sk\u00f3ry &#8211; sprawia, \u017ce sk\u00f3ra jest wyra\u017anie roz\u015bwietlona, od\u017cywiona, nabiera blasku i jest jedwabista w dotyku.<\/p>\n<p>Dodatkowo, zimnot\u0142oczone oleje z wiesio\u0142ka, pomidora, r\u00f3\u017cy, \u00a0og\u00f3rka i pietruszki pomagaj\u0105 wzmocni\u0107 barier\u0119 ochronn\u0105 sk\u00f3ry, chroni\u0105c j\u0105 przed szkodliwym dzia\u0142aniem czynnik\u00f3w zewn\u0119trznych.<\/p>\n<p>Formu\u0142\u0119 wzbogacaj\u0105 \u00a0naturalna witamina E i skwalan oraz ekstrakt CO2 z rozmarynu.<\/p>\n<p>Jednak najwa\u017cniejsza jest tu Opuncja i 24K Z\u0142oto.<\/p>\n<p>15ml &#8211; 1646,67 z\u0142\/100ml &#8211; razem z VAT<\/p>\n<p>30ml &#8211; 1056,67 z\u0142\/100ml &#8211; razem z VAT<\/p>\n<p>&nbsp;<\/p>\n","protected":false},"featured_media":291,"comment_status":"open","ping_status":"closed","template":"","meta":{"_acf_changed":false,"_et_pb_use_builder":"","_et_pb_old_content":"","_et_gb_content_width":""},"product_brand":[],"product_cat":[77,81,89,87,86,29],"product_tag":[],"class_list":{"0":"post-158","1":"product","2":"type-product","3":"status-publish","4":"has-post-thumbnail","6":"product_cat-cera-dojrzala","7":"product_cat-cera-mieszana","8":"product_cat-kosmetyki-weganskie","9":"product_cat-proaging","10":"product_cat-regeneracja","11":"product_cat-sera-boostery","13":"first","14":"instock","15":"taxable","16":"shipping-taxable","17":"purchasable","18":"product-type-variable","19":"has-default-attributes"},"acf":[],"_links":{"self":[{"href":"https:\/\/www.lovem.eu\/de\/wp-json\/wp\/v2\/product\/158","targetHints":{"allow":["GET"]}}],"collection":[{"href":"https:\/\/www.lovem.eu\/de\/wp-json\/wp\/v2\/product"}],"about":[{"href":"https:\/\/www.lovem.eu\/de\/wp-json\/wp\/v2\/types\/product"}],"replies":[{"embeddable":true,"href":"https:\/\/www.lovem.eu\/de\/wp-json\/wp\/v2\/comments?post=158"}],"wp:featuredmedia":[{"embeddable":true,"href":"https:\/\/www.lovem.eu\/de\/wp-json\/wp\/v2\/media\/291"}],"wp:attachment":[{"href":"https:\/\/www.lovem.eu\/de\/wp-json\/wp\/v2\/media?parent=158"}],"wp:term":[{"taxonomy":"product_brand","embeddable":true,"href":"https:\/\/www.lovem.eu\/de\/wp-json\/wp\/v2\/product_brand?post=158"},{"taxonomy":"product_cat","embeddable":true,"href":"https:\/\/www.lovem.eu\/de\/wp-json\/wp\/v2\/product_cat?post=158"},{"taxonomy":"product_tag","embeddable":true,"href":"https:\/\/www.lovem.eu\/de\/wp-json\/wp\/v2\/product_tag?post=158"}],"curies":[{"name":"wp","href":"https:\/\/api.w.org\/{rel}","templated":true}]}}