{"id":159,"date":"2024-06-05T21:50:10","date_gmt":"2024-06-05T19:50:10","guid":{"rendered":"https:\/\/server915535.nazwa.pl\/wordpress\/wpn_Lovem\/?product=esencja-nawilzajaca-lovem-twarz-dekolt-roza-i-aloes-no-11"},"modified":"2026-03-31T07:20:32","modified_gmt":"2026-03-31T05:20:32","slug":"esencja-nawilzajaca-lovem-twarz-dekolt-roza-i-aloes-no-11","status":"publish","type":"product","link":"https:\/\/www.lovem.eu\/de\/produkt\/esencja-nawilzajaca-lovem-twarz-dekolt-roza-i-aloes-no-11\/","title":{"rendered":"Esencja Nawil\u017caj\u0105ca LOVEM | Twarz dekolt | R\u00f3\u017ca i Aloes | 50ml"},"content":{"rendered":"<p>99% sk\u0142adnik\u00f3w pochodzenia naturalnego<\/p>\n<p><strong>G\u0142\u00f3wny filar piel\u0119gnacji : nawil\u017cenie<\/strong><\/p>\n<p>Zadanie lotionu\/esencji<\/p>\n<p>\u2714\u00a0Piel\u0119gnuje i chroni sk\u00f3r\u0119.<\/p>\n<p>Aloes i D-Panthenol wspomog\u0105 piel\u0119gnacj\u0119 i z\u0142agodz\u0105 wszelkie podra\u017cnienia. Aloes zawiera ponad 200 sk\u0142adnik\u00f3w, w tym wi\u0119kszo\u015b\u0107\u00a0to substancje biologicznie czynne. \u017bel aloesowy (sok z aloesu) doskonale nawil\u017ca i \u0142agodzi sk\u00f3r\u0119<\/p>\n<p>&nbsp;<\/p>\n<p>\u2714\u00a0Nawil\u017ca<\/p>\n<p>Hydrolat z R\u00f3\u017cy Damasce\u0144skiej, gliceryna ro\u015blinna, hialuron i aloes to sk\u0142adniki, kt\u00f3re zadbaj\u0105 o dobre nawil\u017cenie sk\u00f3ry. Hydrolat z R\u00f3\u017cy doskonale nawil\u017ca, \u0142agodzi i rozja\u015bnia sk\u00f3r\u0119.Zapobiega powstawaniu zmarszczek,\u00a0wzmacnia naczynia krwiono\u015bne i dzia\u0142a antyoksydacyjnie. Przeznaczona\u00a0do piel\u0119gnacji sk\u00f3ry dojrza\u0142ej, suchej, wra\u017cliwej, naczyniowej i problematycznej.<\/p>\n<p>&nbsp;<\/p>\n<p>\u2714 \u00a0Uj\u0119drnia i napina<\/p>\n<p>Lukrecja dzia\u0142a wybielaj\u0105co, zmi\u0119kczaj\u0105co, wyg\u0142adzaj\u0105co, jest emolientem, oraz poprawia wygl\u0105d sk\u00f3ry.Wysoka zawarto\u015b\u0107 sk\u0142adnik\u00f3w aktywnych\u00a0takich jak glicyryzyna, flawonoidy, kumaryny, kwas lukrecjowy, olejki eteryczne oraz polisacharydy i \u015bluzy sprawia, \u017ce ekstrakt z lukrecji ma wszechstronne\u00a0dzia\u0142anie<\/p>\n<p><img loading=\"lazy\" decoding=\"async\" class=\"alignnone size-full wp-image-777\" src=\"https:\/\/server915535.nazwa.pl\/wordpress\/wpn_Lovem\/wp-content\/uploads\/2024\/06\/lotion-aloes.png\" alt=\"\" width=\"940\" height=\"788\" srcset=\"https:\/\/server915535.nazwa.pl\/wordpress\/wpn_Lovem\/wp-content\/uploads\/2024\/06\/lotion-aloes.png 940w, https:\/\/server915535.nazwa.pl\/wordpress\/wpn_Lovem\/wp-content\/uploads\/2024\/06\/lotion-aloes-480x402.png 480w\" sizes=\"(min-width: 0px) and (max-width: 480px) 480px, (min-width: 481px) 940px, 100vw\" \/><\/p>\n<p><strong>Dlaczego Lotion R\u00f3\u017ca &amp; Aloes od LOVEM?<\/strong><\/p>\n<ul>\n<li>Wysokie st\u0119\u017cenia sk\u0142adnik\u00f3w aktywnych<\/li>\n<li>Czysty sk\u0142ad<\/li>\n<li>Manufakturowa jako\u015b\u0107<\/li>\n<li>Skuteczno\u015b\u0107 potwierdzona badaniami aplikacyjnymi<\/li>\n<li>Wydajna formu\u0142a<\/li>\n<li>Produkcja ma\u0142ych, zawsze \u015bwie\u017cych partii kosmetyku<\/li>\n<li>Formu\u0142y stworzone s\u0105 tak, by zminimalizowa\u0107 ryzyko wyst\u0105pie\u0144 reakcji alergicznych<\/li>\n<\/ul>\n<p>&nbsp;<\/p>\n<p><strong>Dla jakiej cery Lotion LOVEM\u00a0R\u00f3\u017ca &amp; Aloes\u00a0sprawdzi si\u0119 najlepiej\u00a0?<\/strong><\/p>\n<ul>\n<li>Dla ka\u017cdego rodzaju cery<\/li>\n<li>Ztendencj\u0105 do suchych sk\u00f3rek<\/li>\n<li>Z widocznymi oznakami starzenia<\/li>\n<li>Ze zmarszczkami<\/li>\n<li>Dla cery wra\u017cliwej i odwodnionej<\/li>\n<\/ul>\n<p>&nbsp;<\/p>\n<p><strong>Czy wiesz, \u017ce?<\/strong><\/p>\n<p>Hydrolaty, znane r\u00f3wnie\u017c jako wody kwiatowe, s\u0105 dzi\u0119ki swoim unikalnym w\u0142a\u015bciwo\u015bciom\u00a0prawdziwym skarbem w piel\u0119gnacji sk\u00f3ry. Jedn\u0105 z najbardziej fascynuj\u0105cych cech hydrolat\u00f3w jest \u00a0zdolno\u015b\u0107 dostarczania sk\u00f3rze wielu substancji czynnych\u00a0ro\u015bliny, kt\u00f3re zostaj\u0105 wyizolowane podczas procesu destylacji parowej.<\/p>\n<p>&nbsp;<\/p>\n<p><strong>Wskaz\u00f3wka LOVEM<\/strong><\/p>\n<p>Lotion R\u00f3\u017ca &amp; Aloes to wszechstronny produkt, kt\u00f3ry mo\u017cna wykorzysta\u0107 na kilka sposob\u00f3w. Po pierwsze, mo\u017cesz u\u017cywa\u0107 go jako najlepszy nawil\u017cacz \u2013 przed na\u0142o\u017ceniem jakiegokolwiek kosmetyku. Taki krok zwi\u0119kszy nawil\u017cenie sk\u00f3ry \u00a0i przygotuje j\u0105 na dalsz\u0105 piel\u0119gnacj\u0119. Po drugie, wzboga\u0107 sw\u00f3j makija\u017c dodaj\u0105c kilka kropli lotionu do podk\u0142adu. Dzi\u0119ki temu fluid b\u0119dzie mia\u0142 l\u017cejsz\u0105 konsystencj\u0119, a sk\u00f3ra uzyska naturalny blask. Po trzecie, wypr\u00f3buj lotion jako od\u015bwie\u017cacz do twarz w ci\u0105gu dnia. Przechowuj go w lod\u00f3wce i spryskaj nim sk\u00f3r\u0119, aby od\u015bwie\u017cy\u0107 si\u0119 w gor\u0105ce dni i dostarczy\u0107 sk\u00f3rze natychmiastowej ulgi i nawil\u017cenia.<\/p>\n<p style=\"text-align: justify;\">\n","protected":false},"excerpt":{"rendered":"<p>Lotiony Lovem to wyj\u0105tkowe produkty, kt\u00f3ry \u0142\u0105cz\u0105 w sobie w\u0142a\u015bciwo\u015bci lekkiego lotionu nawil\u017caj\u0105cego, toniku i skoncentrowanego wodnego serum.<\/p>\n<p>Hydrolat z R\u00f3\u017cy Damasce\u0144skiej, hialuron i aloes gwarantuj\u0105\u00a0utrzymanie optymalnego poziomu wilgoci w sk\u00f3rze i przeciwdzia\u0142aj\u0105\u00a0procesom starzenia.<\/p>\n<p>Lotion do twarzy zawiera wiele sk\u0142adnik\u00f3w aktywnych, kt\u00f3re dzia\u0142aj\u0105 na sk\u00f3r\u0119 twarzy w r\u00f3\u017cny spos\u00f3b.\u00a0Zawarty w lotionie d-panthenol, czyli witamina B5, wnika bardzo g\u0142\u0119boko, nawet do sk\u00f3ry w\u0142a\u015bciwej, dzi\u0119ki czemu bardzo skutecznie i na d\u0142ugo poprawia nawil\u017cenie sk\u00f3ry, czyni\u0105c j\u0105 j\u0119drn\u0105, elastyczn\u0105 i mi\u0119kk\u0105.<\/p>\n<p>Witamina B5 dzia\u0142a przeciwzapalnie, zapobiega podra\u017cnieniom, przy\u015bpiesza odnow\u0119 kom\u00f3rkow\u0105 i regeneracj\u0119 sk\u00f3ry. Kwas hialuronowy ze wzgl\u0119du na w\u0142a\u015bciwo\u015bci nawil\u017caj\u0105ce i du\u017c\u0105 zdolno\u015b\u0107 do wi\u0105zania cz\u0105steczek wody (higroskopijno\u015b\u0107) oraz propanediol \u2013 silny humektant dodatkowo dbaj\u0105 o mocne nawodnienie sk\u00f3ry.<\/p>\n<p>Ekstrakt z lukrecji i mleczko pszczele dzia\u0142aj\u0105 przeciwzapalnie i hamuj\u0105 procesy utleniania, maj\u0105 dzia\u0142anie depigmentacyjne (wybielaj\u0105ce) i wyr\u00f3wnuj\u0105ce koloryt sk\u00f3ry.<\/p>\n","protected":false},"featured_media":292,"comment_status":"open","ping_status":"closed","template":"","meta":{"_acf_changed":false,"_et_pb_use_builder":"","_et_pb_old_content":"","_et_gb_content_width":""},"product_brand":[],"product_cat":[76,89,31,83],"product_tag":[],"class_list":{"0":"post-159","1":"product","2":"type-product","3":"status-publish","4":"has-post-thumbnail","6":"product_cat-cera-naczynkowa","7":"product_cat-kosmetyki-weganskie","8":"product_cat-lotiony-i-toniki-i-esencje","9":"product_cat-nawilzanie","11":"first","12":"instock","13":"taxable","14":"shipping-taxable","15":"purchasable","16":"product-type-simple"},"acf":[],"_links":{"self":[{"href":"https:\/\/www.lovem.eu\/de\/wp-json\/wp\/v2\/product\/159","targetHints":{"allow":["GET"]}}],"collection":[{"href":"https:\/\/www.lovem.eu\/de\/wp-json\/wp\/v2\/product"}],"about":[{"href":"https:\/\/www.lovem.eu\/de\/wp-json\/wp\/v2\/types\/product"}],"replies":[{"embeddable":true,"href":"https:\/\/www.lovem.eu\/de\/wp-json\/wp\/v2\/comments?post=159"}],"wp:featuredmedia":[{"embeddable":true,"href":"https:\/\/www.lovem.eu\/de\/wp-json\/wp\/v2\/media\/292"}],"wp:attachment":[{"href":"https:\/\/www.lovem.eu\/de\/wp-json\/wp\/v2\/media?parent=159"}],"wp:term":[{"taxonomy":"product_brand","embeddable":true,"href":"https:\/\/www.lovem.eu\/de\/wp-json\/wp\/v2\/product_brand?post=159"},{"taxonomy":"product_cat","embeddable":true,"href":"https:\/\/www.lovem.eu\/de\/wp-json\/wp\/v2\/product_cat?post=159"},{"taxonomy":"product_tag","embeddable":true,"href":"https:\/\/www.lovem.eu\/de\/wp-json\/wp\/v2\/product_tag?post=159"}],"curies":[{"name":"wp","href":"https:\/\/api.w.org\/{rel}","templated":true}]}}