{"id":164,"date":"2024-06-05T21:50:10","date_gmt":"2024-06-05T19:50:10","guid":{"rendered":"https:\/\/server915535.nazwa.pl\/wordpress\/wpn_Lovem\/?product=krem-pod-oczy-lovem-tsubaki-i-smocza-krew-no-6"},"modified":"2026-04-15T23:58:10","modified_gmt":"2026-04-15T21:58:10","slug":"krem-pod-oczy-lovem-tsubaki-i-smocza-krew-no-6","status":"publish","type":"product","link":"https:\/\/www.lovem.eu\/de\/produkt\/krem-pod-oczy-lovem-tsubaki-i-smocza-krew-no-6\/","title":{"rendered":"Krem Pod Oczy LOVEM | Tsubaki  Smocza Krew |15ml"},"content":{"rendered":"<p>97,15% sk\u0142adnik\u00f3w pochodzenia naturalnego<\/p>\n<p><strong><b>G\u0142\u00f3wny filar piel\u0119gnacji : wyg\u0142adzenie i regeneracja<\/b><\/strong><\/p>\n<p>Zadanie kremu<\/p>\n<p>\u2714 Zadbana sk\u00f3ra wok\u00f3\u0142 okolic oczu<\/p>\n<p>To niesamowite dzia\u0142anie zawdzi\u0119czamy kom\u00f3rkom macierzystym z Je\u017c\u00f3wki i \u017cywicy Dragon Blood. Do tego olej z Tsubaki i olej z pietruszki. Te wspania\u0142e sk\u0142adniki wspomagaj\u0105 ujednolicenie kolorytu sk\u00f3ry, redukuj\u0105c przebarwienia. Koj\u0105 podra\u017cnienia oraz wspieraj\u0105 nawil\u017cenie, ochron\u0119, regeneracj\u0119 sk\u00f3ry.<\/p>\n<p>&nbsp;<\/p>\n<p>\u2714 Zmniejszenie widoczno\u015bci cieni i oznak zm\u0119czenia<\/p>\n<p>Tu pierwsze\u0144stwo dzier\u017cy kofeina, kt\u00f3ra uj\u0119drnia i pozytywnie wp\u0142ywa na wygl\u0105d sk\u00f3ry wok\u00f3\u0142 oka i d-panthenol, kt\u00f3ry \u0142agodzi i dzia\u0142a ultrakoj\u0105co.<\/p>\n<p>&nbsp;<\/p>\n<p>\u2714 Nawil\u017cenie<\/p>\n<p>Nawil\u017cenie wspieraj\u0105 hydrolat z b\u0142awatka\/chabra, kwas hialuronowy, aloes i biofermenty, kt\u00f3re r\u00f3wnocze\u015bnie dbaj\u0105 o w\u0142a\u015bciw\u0105 mikroflor\u0119 i zmniejszenie widocznych niedoskona\u0142o\u015bci sk\u00f3ry spowodowanych stresem i czynnikami zewn\u0119trznymi.<\/p>\n<p>&nbsp;<\/p>\n<p>\u2714 \u0141agodzenie oznak starzenia i regeneracja<\/p>\n<p>Za ten proces odpowiada witamina m\u0142odo\u015bci &#8211; witamina E. Silny antyoksydant i prawdziwy pogromca zmarszczek. Hamuje procesy starzenia si\u0119 sk\u00f3ry, zwi\u0105zane z niszcz\u0105cym dzia\u0142aniem aktywnych form tlenu (wolne rodniki). Wzmacnia j\u0105 neuropeptyd SYN-AKE, kt\u00f3ry zmniejsza widoczno\u015b\u0107 zmarszczek mimicznych. Wyg\u0142adza\u00a0 sk\u00f3r\u0119 oraz pozytywnie wp\u0142ywa na jej uelastycznienie i j\u0119drno\u015b\u0107. \u00a0Do tego \u017cywica Dragon Blood i kom\u00f3rki macierzyste z Je\u017c\u00f3wki.<\/p>\n<p><span style=\"font-family: tahoma, arial, helvetica, sans-serif; font-size: 14pt;\"><img loading=\"lazy\" decoding=\"async\" class=\"alignnone size-full wp-image-989\" src=\"https:\/\/server915535.nazwa.pl\/wordpress\/wpn_Lovem\/wp-content\/uploads\/2024\/06\/tsubaki.png\" alt=\"\" width=\"640\" height=\"400\" srcset=\"https:\/\/server915535.nazwa.pl\/wordpress\/wpn_Lovem\/wp-content\/uploads\/2024\/06\/tsubaki.png 640w, https:\/\/server915535.nazwa.pl\/wordpress\/wpn_Lovem\/wp-content\/uploads\/2024\/06\/tsubaki-480x300.png 480w\" sizes=\"(min-width: 0px) and (max-width: 480px) 480px, (min-width: 481px) 640px, 100vw\" \/><\/span><\/p>\n<p><strong><b>Dlaczego krem LOVEM \u00a0pod oczy Tsubaki &amp; Smocza Krew?<\/b><\/strong><\/p>\n<ul>\n<li>Wysokie st\u0119\u017cenia sk\u0142adnik\u00f3w aktywnych<\/li>\n<li>Czysty sk\u0142ad<\/li>\n<li>Manufakturowa jako\u015b\u0107<\/li>\n<li>Skuteczno\u015b\u0107 potwierdzona badaniami aplikacyjnymi<\/li>\n<li>Wydajna formu\u0142a<\/li>\n<li>Produkcja ma\u0142ych, zawsze \u015bwie\u017cych partii kosmetyku<\/li>\n<\/ul>\n<p>&nbsp;<\/p>\n<p><strong><b>Na jakie problemy z delikatn\u0105 sk\u00f3r\u0105 wok\u00f3\u0142 oka sprawdzi si\u0119 krem <\/b><\/strong><strong><b>pod oczy LOVEM Tsubaki &amp; Smocza Krew<\/b><\/strong><strong><b>\u00a0?<\/b><\/strong><\/p>\n<ul>\n<li>sk\u00f3ra cienka i wiotka<\/li>\n<li>potrzebuj\u0105ca rozja\u015bnienia i promiennego wygl\u0105du okolic oczu,<\/li>\n<li>potrzebuj\u0105ca wyg\u0142adzenia i uelastycznienia<\/li>\n<li>z widocznymi oznakami zm\u0119czenia<\/li>\n<li>z widocznymi cieniami pod oczami<\/li>\n<li>z widocznymi zmarszczkami wok\u00f3\u0142 oczu.<\/li>\n<\/ul>\n<p>&nbsp;<\/p>\n<p><strong><b>Czy wiesz, \u017ce?<\/b><\/strong><\/p>\n<p>\u017bywica Dragon Blood, znana r\u00f3wnie\u017c jako \u017cywica Dracaena, ma nie tylko magiczny wygl\u0105d, ale r\u00f3wnie\u017c fascynuj\u0105c\u0105 histori\u0119 w\u015br\u00f3d rdzennych mieszka\u0144c\u00f3w Ameryki Po\u0142udniowej. India\u0144skie plemiona, od wiek\u00f3w stosowa\u0142y t\u0119 czerwon\u0105 \u017cywic\u0119 nie tylko w ceremoniach, ale tak\u017ce jako naturalny \u015brodek \u0142agodz\u0105cy podra\u017cnienia. By\u0142a u\u017cywana do \u0142agodzenia problem\u00f3w sk\u00f3rnych dzi\u0119ki swoim silnym w\u0142a\u015bciwo\u015bciom piel\u0119gnuj\u0105cym\u00a0 i regeneruj\u0105cym. U\u017cywaj\u0105c tej \u017cywicy, Indianie tworzyli naturalne smarowid\u0142a, wierz\u0105c, \u017ce posiadaj\u0105 one mityczn\u0105 moc ochrony i przywracania blasku sk\u00f3rze.<\/p>\n<p>Wi\u0119cej naukowych bada\u0144 o Dragon Blood tu: <a href=\"https:\/\/pubmed.ncbi.nlm.nih.gov\/30556246\/\"><em>https:\/\/pubmed.ncbi.nlm.nih.gov\/30556246\/<\/em><\/a><\/p>\n<p><strong><b>Wskaz\u00f3wka LOVEM<\/b><\/strong><\/p>\n<p>Aby odkry\u0107 prawdziw\u0105 moc kremu pod oczy Tsubaki i Smocza Krew, wykonaj wieczorny odpr\u0119\u017caj\u0105cy rytua\u0142. Przed aplikacj\u0105, delikatnie och\u0142od\u017a krem przez kilka minut w lod\u00f3wce. Nast\u0119pnie na\u0142\u00f3\u017c odrobin\u0119 produktu na okolice oczu, wklepuj\u0105c go delikatnie palcami. Zamknij oczy i wyobra\u017a sobie, \u017ce Smocza Krew tworzy wok\u00f3\u0142 Twoich oczu ochronn\u0105 tarcz\u0119, a Tsubaki przynosi od\u015bwie\u017cenie niczym poranna rosa na p\u0142atkach kwiat\u00f3w japo\u0144skiej wi\u015bni.<\/p>\n<p>&nbsp;<\/p>\n<p><span style=\"font-family: tahoma, arial, helvetica, sans-serif; font-size: 14pt;\">\u00a0<\/span><\/p>\n<p>&nbsp;<\/p>\n","protected":false},"excerpt":{"rendered":"<p>Unikalna, formu\u0142a tego botanicznego i niezwykle bogatego kremu pod oczy, ma za zadanie zadba\u0107 o sk\u00f3r\u0119 wok\u00f3\u0142 oka, zniwelowa\u0107 jej sucho\u015b\u0107 i zmniejszy\u0107 widoczno\u015b\u0107 drobnych zmarszczek. Pozostawi\u0107 sk\u00f3r\u0119 od\u017cywion\u0105 i dobrze nawil\u017con\u0105.<\/p>\n<p>Krem zawiera \u017cywic\u0119 Dragon Blood, kt\u00f3ra tworzy na powierzchni sk\u00f3ry film i daje wra\u017cenie &#8222;drugiej sk\u00f3ry&#8220;. Skutecznie zabezpiecza przed czynnikami zewn\u0119trznymi oraz chroni przed powstawaniem podra\u017cnie\u0144. Smocza krew nie dopuszcza do utraty nawil\u017cenia. Ma niezwykle \u0142agodz\u0105ce w\u0142a\u015bciwo\u015bci.<\/p>\n<p>Do formu\u0142y doda\u0142y\u015bmy olej Tsubaki\u00a0czyli olej z Kamelii Japo\u0144skiej. Jest to jeden z najdro\u017cszych i najcenniejszych olej\u00f3w \u015bwiata. Wielki sekret m\u0142odo\u015bci i jasnej sk\u00f3ry japo\u0144skich gejsz.<\/p>\n<p>Krem zawiera kompozycj\u0119 najbardziej aktywnych i cennych sk\u0142adnik\u00f3w\u00a0jak kom\u00f3rki macierzyste z je\u017c\u00f3wki, neuropeptydy, kofein\u0119 oraz biofermenty.<\/p>\n<p>Starannie dobrany koktajl ro\u015blinnych ekstrakt\u00f3w z \u017curawiny, mandarynki i aloesu uzupe\u0142nia naturalna witamina E, kwas hialuronowy, hydrolat z chabra b\u0142awatka i d-panthenol.<\/p>\n<p>1313,33 z\u0142\/100ml &#8211; zawiera VAT<\/p>\n","protected":false},"featured_media":297,"comment_status":"open","ping_status":"closed","template":"","meta":{"_acf_changed":false,"_et_pb_use_builder":"","_et_pb_old_content":"","_et_gb_content_width":""},"product_brand":[],"product_cat":[77,80,33,89,83,87,86],"product_tag":[],"class_list":{"0":"post-164","1":"product","2":"type-product","3":"status-publish","4":"has-post-thumbnail","6":"product_cat-cera-dojrzala","7":"product_cat-cera-wrazliwa","8":"product_cat-kosmetyki-pod-oczy","9":"product_cat-kosmetyki-weganskie","10":"product_cat-nawilzanie","11":"product_cat-proaging","12":"product_cat-regeneracja","14":"first","15":"instock","16":"taxable","17":"shipping-taxable","18":"purchasable","19":"product-type-simple"},"acf":[],"_links":{"self":[{"href":"https:\/\/www.lovem.eu\/de\/wp-json\/wp\/v2\/product\/164","targetHints":{"allow":["GET"]}}],"collection":[{"href":"https:\/\/www.lovem.eu\/de\/wp-json\/wp\/v2\/product"}],"about":[{"href":"https:\/\/www.lovem.eu\/de\/wp-json\/wp\/v2\/types\/product"}],"replies":[{"embeddable":true,"href":"https:\/\/www.lovem.eu\/de\/wp-json\/wp\/v2\/comments?post=164"}],"wp:featuredmedia":[{"embeddable":true,"href":"https:\/\/www.lovem.eu\/de\/wp-json\/wp\/v2\/media\/297"}],"wp:attachment":[{"href":"https:\/\/www.lovem.eu\/de\/wp-json\/wp\/v2\/media?parent=164"}],"wp:term":[{"taxonomy":"product_brand","embeddable":true,"href":"https:\/\/www.lovem.eu\/de\/wp-json\/wp\/v2\/product_brand?post=164"},{"taxonomy":"product_cat","embeddable":true,"href":"https:\/\/www.lovem.eu\/de\/wp-json\/wp\/v2\/product_cat?post=164"},{"taxonomy":"product_tag","embeddable":true,"href":"https:\/\/www.lovem.eu\/de\/wp-json\/wp\/v2\/product_tag?post=164"}],"curies":[{"name":"wp","href":"https:\/\/api.w.org\/{rel}","templated":true}]}}