{"id":169,"date":"2024-06-05T21:50:12","date_gmt":"2024-06-05T19:50:12","guid":{"rendered":"https:\/\/server915535.nazwa.pl\/wordpress\/wpn_Lovem\/?product=krem-na-dzien-twarz-i-dekolt-lovem-rokitnik-i-witamina-e"},"modified":"2026-03-30T18:53:00","modified_gmt":"2026-03-30T16:53:00","slug":"krem-na-dzien-twarz-i-dekolt-lovem-rokitnik-i-witamina-e","status":"publish","type":"product","link":"https:\/\/www.lovem.eu\/de\/produkt\/krem-na-dzien-twarz-i-dekolt-lovem-rokitnik-i-witamina-e\/","title":{"rendered":"Krem LOVEM na dzie\u0144 | twarz i dekolt | Rokitnik i Witamina E I 30ml"},"content":{"rendered":"<p>99,05% sk\u0142adnik\u00f3w pochodzenia naturalnego<\/p>\n<p><strong><b>G\u0142\u00f3wny filar piel\u0119gnacji : zastrzyk witamin<\/b><\/strong><\/p>\n<p>Zadanie kremu<\/p>\n<p>\u2714 Wyr\u00f3wnany koloryt sk\u00f3ry<\/p>\n<p>To dzia\u0142anie zawdzi\u0119czamy olejowi z rokitnika, kt\u00f3ry jest bogatym\u00a0\u017ar\u00f3d\u0142em\u00a0kwasu linolowego (omega-6), kwasu oleinowego (omega 9),kwasu alfa-linolenowego\u00a0(omega-3) iwitaminy E. Sw\u00f3j intensywny ciemno pomara\u0144czowy kolor zawdzi\u0119cza wysokiej zawarto\u015bci karotenoid\u00f3w.I to one tak pi\u0119knie o\u017cywiaj\u0105 kolor naszej cery, ze wygl\u0105damy jakby\u015bmy wr\u00f3ci\u0142y z nieko\u0144cz\u0105cych si\u0119 wakacji.<\/p>\n<p>\u2714 Sk\u00f3ra wygl\u0105da na wypocz\u0119t\u0105 i pe\u0142n\u0105 energii<\/p>\n<p>Za to odpowiada tak olej z rokitnika jak i naturalna witamina E, kt\u00f3ra dzia\u0142a silnie przeciwutleniaj\u0105co i przeciwstarzeniowo.\u00a0Regeneruje, nawil\u017ca\u00a0i \u0142agodzi\u00a0sk\u00f3r\u0119 oraz dzia\u0142a przeciwzapalnie.<\/p>\n<p>\u2714 Bogactwo witamin i mikroelement\u00f3w<\/p>\n<p>Za t\u0119 prawdziw\u0105 bomb\u0119 witaminow\u0105 odpowiadaj\u0105 wszystkie sk\u0142adniki naszej formu\u0142y, a zw\u0142aszcza olej z \u00a0rokitnika, naturalna witamina E i ekstrakt z soku m\u0142odego j\u0119czmienia, kt\u00f3ry ma witaminy z grupy B, C, E, K, kwas foliowy, sk\u0142adniki\u00a0mineralne: wap\u0144, fosfor, cynk, potas, mangan oraz aminokwasy, enzymy, b\u0142onnik a tak\u017ce fitohormony o dzia\u0142aniu estrogennym.\u00a0Bomba! Prawda?<\/p>\n<p>\u2714 wzmocnienie kruchych naczynek krwiono\u015bnych<\/p>\n<p>I tu znowu w roli g\u0142\u00f3wnej wyst\u0119puje olej z owoc\u00f3w rokitnika, kt\u00f3ry zawiera ca\u0142e bogactwo witamin z grupy B, witaminy E, K, P, kwas foliowy, karotenoidy, antocjany, flawonoidy, fosfolipidy, garbniki, cukry, kwasy organiczne i mikro i makroelementy. Obecne w oleju kumaryny wzmacniaj\u0105 naczynka i poprawiaj\u0105 przep\u0142yw krwi a kwasy urosolowy i oleinolowy dzia\u0142aj\u0105 przeciwzapalnie, wzmacniaj\u0105co.<\/p>\n<p style=\"text-align: center;\"><span style=\"font-family: georgia, palatino, serif; font-size: 14pt;\"><strong><img loading=\"lazy\" decoding=\"async\" class=\"alignnone wp-image-754 size-full\" src=\"https:\/\/server915535.nazwa.pl\/wordpress\/wpn_Lovem\/wp-content\/uploads\/2024\/06\/rokitnik-koncentrat.png\" alt=\"\" width=\"900\" height=\"300\" srcset=\"https:\/\/server915535.nazwa.pl\/wordpress\/wpn_Lovem\/wp-content\/uploads\/2024\/06\/rokitnik-koncentrat.png 900w, https:\/\/server915535.nazwa.pl\/wordpress\/wpn_Lovem\/wp-content\/uploads\/2024\/06\/rokitnik-koncentrat-480x160.png 480w\" sizes=\"(min-width: 0px) and (max-width: 480px) 480px, (min-width: 481px) 900px, 100vw\" \/><\/strong><\/span><\/p>\n<p><strong><b>Dlaczego krem LOVEM \u00a0Rokitnik &amp; Wit E?<\/b><\/strong><\/p>\n<ul>\n<li>Wysokie st\u0119\u017cenia sk\u0142adnik\u00f3w aktywnych<\/li>\n<li>Czysty sk\u0142ad<\/li>\n<li>Manufakturowa jako\u015b\u0107<\/li>\n<li>Skuteczno\u015b\u0107 potwierdzona badaniami aplikacyjnymi<\/li>\n<li>Wydajna formu\u0142a<\/li>\n<li>Produkcja ma\u0142ych, zawsze \u015bwie\u017cych partii kosmetyku<\/li>\n<li>Formu\u0142y stworzone s\u0105 tak, by zminimalizowa\u0107 ryzyko wyst\u0105pie\u0144 reakcji alergicznych<\/li>\n<\/ul>\n<p>&nbsp;<\/p>\n<p><strong><b>Dla jakiej cery \u00a0krem LOVEM Rokitnik &amp; Wit E sprawdzi si\u0119 najlepiej?<\/b><\/strong><\/p>\n<ul>\n<li>Ka\u017cdy rodzaj cery<\/li>\n<li>Cera normalna<\/li>\n<li>Cera problematyczna<\/li>\n<li>Cera szara, zm\u0119czona<\/li>\n<li>Cera naczynkowa<\/li>\n<li>I kiedy lubisz gdy kosmetyk szybko si\u0119 wch\u0142ania<\/li>\n<li>I lubisz mie\u0107 cer\u0119 mu\u015bni\u0119t\u0105 s\u0142o\u0144cem<\/li>\n<\/ul>\n<p>&nbsp;<\/p>\n<p><strong><b>Czy wiesz, \u017ce?<\/b><\/strong><\/p>\n<p>Witamina E nazywana jest witamin\u0105 m\u0142odo\u015bci? Ze wzgl\u0119du na\u00a0silne w\u0142a\u015bciwo\u015bci antyoksydacyjne, kt\u00f3re neutralizuj\u0105 wolne rodniki i chroni\u0105 sk\u00f3r\u0119 przed uszkodzeniami spowodowanymi dzia\u0142aniem s\u0142o\u0144ca i zanieczyszczeniami. Witamina E pomaga\u00a0w produkcji kolagenu, co redukuje widoczno\u015b\u0107 zmarszczek i poprawia elastyczno\u015b\u0107 sk\u00f3ry, sprawiaj\u0105c, \u017ce wygl\u0105damy\u00a0m\u0142odziej i bardziej promiennie.<\/p>\n<p>&nbsp;<\/p>\n<p><strong><b>Wskaz\u00f3wka LOVEM<\/b><\/strong><\/p>\n<p>Na\u0142\u00f3\u017c krem Rokitnik\u00a0&amp; Witamina E rano na oczyszczon\u0105 i nawil\u017con\u0105 lotionem sk\u00f3r\u0119. \u017b\u00f3\u0142ty kolor kremu mo\u017ce pom\u00f3c w wyr\u00f3wnaniu kolorytu cery. Je\u017celi jest dla Ciebie zbyt intensywny, zmieszaj go z ulubionym fluidem lub serum. Pami\u0119taj, \u017ce \u017c\u00f3\u0142te tony niweluj\u0105 i ukrywaj\u0105 zaczerwienienia.<\/p>\n<p>&nbsp;<\/p>\n","protected":false},"excerpt":{"rendered":"<p>Unikalna formu\u0142a tego botanicznego kremu na dzie\u0144, ma za zadanie wyr\u00f3wna\u0107 koloryt cery, zniwelowa\u0107 zaczerwienienia, wzmocni\u0107 naczynka i doda\u0107 sk\u00f3rze energii.<\/p>\n<p>Krem zawiera <strong><b>naturaln\u0105<\/b><\/strong>\u00a0<strong><b>witamin\u0119 E, jako miks tokoferoli \u00a0T70<\/b><\/strong>, kt\u00f3ra jest silnym antyoksydantem, <strong><b>\u0142atwo wnika w g\u0142\u0105b sk\u00f3ry<\/b><\/strong>\u00a0i pozytywnie wp\u0142ywa na szczelno\u015b\u0107 bariery nask\u00f3rkowej.\u00a0Witamina E\u00a0dzia\u0142a silnie <strong><b>przeciwstarzeniowo<\/b><\/strong>.<\/p>\n<p>W komplecie z witamin\u0105 E wyst\u0119puje cudowny olej z rokitnika! Ach, czego on nie potrafi? Olej ma owocowy zapach i dzi\u0119ki karetonoidom wyrazisty pomara\u0144czowo-czerwony kolor. Posiada dzia\u0142anie wzmacniaj\u0105ce, rewitalizuj\u0105ce, regeneruj\u0105ce, \u0142agodz\u0105ce i przeciwzapalne.<\/p>\n<p>Krem zawiera wspania\u0142e zimnot\u0142oczone oleje z orzecha w\u0142oskiego i s\u0142onecznika pe\u0142ne dobroczynnych nienasyconych kwas\u00f3w t\u0142uszczowych oraz witamin.<\/p>\n<p>Starannie dobrany koktajl ro\u015blinnych sk\u0142adnik\u00f3w wzbogacony o hydrolat z chabra b\u0142awatka i ekstrakt z soku m\u0142odego j\u0119czmienia wp\u0142ywa na kondycj\u0119 sk\u00f3ry i powoduje, \u017ce jest ona pe\u0142na blasku, nawil\u017cona \u00a0i wypocz\u0119ta.<\/p>\n","protected":false},"featured_media":285,"comment_status":"open","ping_status":"closed","template":"","meta":{"_acf_changed":false,"_et_pb_use_builder":"","_et_pb_old_content":"","_et_gb_content_width":""},"product_brand":[],"product_cat":[81,76,75,80,78,89,35,85],"product_tag":[],"class_list":{"0":"post-169","1":"product","2":"type-product","3":"status-publish","4":"has-post-thumbnail","6":"product_cat-cera-mieszana","7":"product_cat-cera-naczynkowa","8":"product_cat-cera-przetluszczona-i-tradzikowa","9":"product_cat-cera-wrazliwa","10":"product_cat-cera-z-przebarwieniami","11":"product_cat-kosmetyki-weganskie","12":"product_cat-kremy-na-dzien","13":"product_cat-odzywianie","15":"first","16":"instock","17":"taxable","18":"shipping-taxable","19":"purchasable","20":"product-type-simple"},"acf":[],"_links":{"self":[{"href":"https:\/\/www.lovem.eu\/de\/wp-json\/wp\/v2\/product\/169","targetHints":{"allow":["GET"]}}],"collection":[{"href":"https:\/\/www.lovem.eu\/de\/wp-json\/wp\/v2\/product"}],"about":[{"href":"https:\/\/www.lovem.eu\/de\/wp-json\/wp\/v2\/types\/product"}],"replies":[{"embeddable":true,"href":"https:\/\/www.lovem.eu\/de\/wp-json\/wp\/v2\/comments?post=169"}],"wp:featuredmedia":[{"embeddable":true,"href":"https:\/\/www.lovem.eu\/de\/wp-json\/wp\/v2\/media\/285"}],"wp:attachment":[{"href":"https:\/\/www.lovem.eu\/de\/wp-json\/wp\/v2\/media?parent=169"}],"wp:term":[{"taxonomy":"product_brand","embeddable":true,"href":"https:\/\/www.lovem.eu\/de\/wp-json\/wp\/v2\/product_brand?post=169"},{"taxonomy":"product_cat","embeddable":true,"href":"https:\/\/www.lovem.eu\/de\/wp-json\/wp\/v2\/product_cat?post=169"},{"taxonomy":"product_tag","embeddable":true,"href":"https:\/\/www.lovem.eu\/de\/wp-json\/wp\/v2\/product_tag?post=169"}],"curies":[{"name":"wp","href":"https:\/\/api.w.org\/{rel}","templated":true}]}}