{"id":171,"date":"2024-06-05T21:50:12","date_gmt":"2024-06-05T19:50:12","guid":{"rendered":"https:\/\/server915535.nazwa.pl\/wordpress\/wpn_Lovem\/?product=serum-do-cery-dojrzalej-lovem-bajkalina-i-cacay"},"modified":"2026-04-16T16:27:22","modified_gmt":"2026-04-16T14:27:22","slug":"serum-do-cery-dojrzalej-lovem-bajkalina-i-cacay","status":"publish","type":"product","link":"https:\/\/www.lovem.eu\/de\/produkt\/serum-do-cery-dojrzalej-lovem-bajkalina-i-cacay\/","title":{"rendered":"Serum do cery dojrza\u0142ej LOVEM | Bajkalina i Cacay"},"content":{"rendered":"<div>\n<div class=\"_1mf _1mj\" style=\"text-align: left;\"><\/div>\n<\/div>\n<p>99% sk\u0142adnik\u00f3w pochodzenia naturalnego<\/p>\n<p><strong><b>G\u0142\u00f3wny filar piel\u0119gnacji : dzia\u0142anie przeciwzmarszczkowe<\/b><\/strong><\/p>\n<p><strong><b>\u00a0<\/b><\/strong>Zadanie serum\/boostera<\/p>\n<p>\u2714\u00a0Uj\u0119drniona i odm\u0142odzona sk\u00f3ra<\/p>\n<p>Za takie efekty odpowiada ekstrakt z Bajkaliny i bioretinol oleju Cacay. Bajkalina (Rosyjska Trawa \u017bycia) zawiera bogactwo antyoksydant\u00f3w, kt\u00f3re zapewniaj\u0105 sk\u00f3rze ochron\u0119 przed szkodliwymi czynnikami zewn\u0119trznymi i wp\u0142ywaj\u0105 na jej regeneracj\u0119. Op\u00f3\u017ania starzenie kom\u00f3rkowe i co poparte wieloma badaniami naukowymi &#8222;odm\u0142adza sk\u00f3r\u0119 poprzez zapobieganie senescencji kom\u00f3rkowej i poprzez stymulowanie ekspresji\u2006 telomerazy w fibroblastach&#8220; <a href=\"https:\/\/pubmed.ncbi.nlm.nih.gov\/19577445\/\"><em>(https:\/\/pubmed.ncbi.nlm.nih.gov\/19577445\/)<\/em><\/a>. Olej z Cacay jest \u017ar\u00f3d\u0142em wielu sk\u0142adnik\u00f3w od\u017cywczych, w tym najwi\u0119cej ma kwasu retinowego i witaminy E, kt\u00f3re pomagaj\u0105 wzmocni\u0107 sk\u00f3r\u0119 i przywr\u00f3ci\u0107 jej blask.Op\u00f3\u017ania proces starzenia, ma w\u0142a\u015bciwo\u015bci regeneruj\u0105ce. Bogaty w nienasycone kwasy\u2006 \u2006 t\u0142uszczowe, zw\u0142aszcza omega 6 &#8211; wspaniale nawil\u017ca. Doskonale radzi sobie z niedoskona\u0142o\u015bciami cery.<\/p>\n<p>&nbsp;<\/p>\n<p>\u2714\u00a0Sk\u00f3ra g\u0142adka i nawil\u017cona<\/p>\n<p>Zapewniaj\u0105 to kwas hialuronowy, hydrolat z rumianu rzymskiego i aloes. Hialuron swoj\u0105 s\u0142aw\u0119 zawdzi\u0119cza zdolno\u015bci utrzymywania nawil\u017cenia sk\u00f3ry. Ma doskona\u0142e w\u0142a\u015bciwo\u015bci \u0142agodz\u0105ce, skutecznie nawil\u017ca przesuszon\u0105 sk\u00f3r\u0119 ze sk\u0142onno\u015bciami do pierzchni\u0119cia, nadmiernie wysuszon\u0105. Wyg\u0142adza, poprawia elastyczno\u015b\u0107, uj\u0119drnia. Pami\u0119tajmy, \u017ce dobrze nawil\u017cona warstwa rogowa nask\u00f3rka pi\u0119knie wch\u0142ania substancje aktywne.<\/p>\n<p>&nbsp;<\/p>\n<p>\u2714 Blask dla matowej i zm\u0119czonej sk\u00f3ry<\/p>\n<p>W osi\u0105gni\u0119ciu tego celu pomagaj\u0105 ekstrakty z czerwonego wina, z korzenia \u017ce\u0144szenia i granatu. Blasku dodaje te\u017c kadzid\u0142o, kt\u00f3re jest pozyskiwane z \u017cywicy kadzid\u0142owca Boswellia Serrata metod\u0105 ekstrakcji nadkrytycznym dwutlenkiem w\u0119gla. Dzi\u0119ki temu uzyskany ekstrakt zachowuje wszystkie cenne w\u0142a\u015bciwo\u015bci, najlepsz\u0105 jako\u015b\u0107, ma bardziej wyrazisty i \u015bwie\u017cy zapach. Kadzid\u0142o dzia\u0142a dzia\u0142a uj\u0119drniaj\u0105co i antyoksydacyjnie. Zmniejsza widoczno\u015b\u0107 naczynek krwiono\u015bnych. \u017be\u0144sze\u0144 i czerwone wino doenergetyzuj\u0105 sk\u00f3r\u0119 i dodadz\u0105 jej blasku.<\/p>\n<p>&nbsp;<\/p>\n<p>\u2714 Od\u017cywienie oraz sp\u0142ycenie zmarszczek<\/p>\n<p>Za od\u017cywienie odpowiada ca\u0142a plejada olej\u00f3w: jojoba, chia, arbuz, marula, avokado. A zmarszczkami zajmie si\u0119 Bajkalina, naturalna witamina E i olej Cacay, kt\u00f3re od\u017cywiaj\u0105 i sprawiaj\u0105, ze sk\u00f3ra wygl\u0105da m\u0142odo i pi\u0119knie..<\/p>\n<p>&nbsp;<\/p>\n<p><img loading=\"lazy\" decoding=\"async\" class=\"wp-image-702 alignnone\" src=\"https:\/\/www.lovem.eu\/wp-content\/uploads\/2024\/06\/Lovem-5-225x300.jpg\" alt=\"\" width=\"396\" height=\"528\" srcset=\"https:\/\/www.lovem.eu\/wp-content\/uploads\/2024\/06\/Lovem-5-225x300.jpg 225w, https:\/\/www.lovem.eu\/wp-content\/uploads\/2024\/06\/Lovem-5-768x1024.jpg 768w, https:\/\/www.lovem.eu\/wp-content\/uploads\/2024\/06\/Lovem-5-1152x1536.jpg 1152w, https:\/\/www.lovem.eu\/wp-content\/uploads\/2024\/06\/Lovem-5-1536x2048.jpg 1536w, https:\/\/www.lovem.eu\/wp-content\/uploads\/2024\/06\/Lovem-5-1080x1440.jpg 1080w, https:\/\/www.lovem.eu\/wp-content\/uploads\/2024\/06\/Lovem-5-1280x1707.jpg 1280w, https:\/\/www.lovem.eu\/wp-content\/uploads\/2024\/06\/Lovem-5-980x1307.jpg 980w, https:\/\/www.lovem.eu\/wp-content\/uploads\/2024\/06\/Lovem-5-480x640.jpg 480w, https:\/\/www.lovem.eu\/wp-content\/uploads\/2024\/06\/Lovem-5-600x800.jpg 600w, https:\/\/www.lovem.eu\/wp-content\/uploads\/2024\/06\/Lovem-5-45x60.jpg 45w, https:\/\/www.lovem.eu\/wp-content\/uploads\/2024\/06\/Lovem-5-67x90.jpg 67w, https:\/\/www.lovem.eu\/wp-content\/uploads\/2024\/06\/Lovem-5-scaled.jpg 1920w\" sizes=\"(max-width: 396px) 100vw, 396px\" \/><\/p>\n<p><strong><b>Dlaczego serum booster LOVEM Bajkalina &amp; Cacay \u00a0?<\/b><\/strong><\/p>\n<ul>\n<li>Wysokie st\u0119\u017cenia sk\u0142adnik\u00f3w aktywnych<\/li>\n<li>Czysty sk\u0142ad<\/li>\n<li>Manufakturowa jako\u015b\u0107<\/li>\n<li>Skuteczno\u015b\u0107 potwierdzona badaniami aplikacyjnymi<\/li>\n<li>Wydajna formu\u0142a<\/li>\n<li>Produkcja ma\u0142ych, zawsze \u015bwie\u017cych partii kosmetyku<\/li>\n<\/ul>\n<p>&nbsp;<\/p>\n<p><strong><b>Dla jakiej cery <\/b><\/strong><strong><b>serum booster LOVEM<\/b><\/strong><strong><b>\u00a0<\/b><\/strong><strong><b>Bajkalina &amp; Cacay spra<\/b><\/strong><strong><b>wdzi si\u0119 najlepiej<\/b><\/strong><strong><b>\u00a0?<\/b><\/strong><\/p>\n<ul>\n<li>Dla normalnej, suchej i mieszanej<\/li>\n<li>Z tendencj\u0105 do suchych sk\u00f3rek<\/li>\n<li>Z widocznymi oznakami starzenia<\/li>\n<li>Ze zmarszczkami mimicznymi<\/li>\n<\/ul>\n<p>&nbsp;<\/p>\n<p><strong><b>Czy wiesz, \u017ce?<\/b><\/strong><\/p>\n<p>Bajkalina, zwi\u0105zek chemiczny wyst\u0119puj\u0105cy w ro\u015blinie Scutellaria baicalensis, jest znana ze swoich potencjalnych w\u0142a\u015bciwo\u015bci prozdrowotnych, w tym zdolno\u015bci do wp\u0142ywania na telomery. Telomery to struktury na ko\u0144cach chromosom\u00f3w, kt\u00f3re chroni\u0105 DNA przed uszkodzeniem podczas podzia\u0142u kom\u00f3rkowego. Ich d\u0142ugo\u015b\u0107 jest cz\u0119sto uwa\u017cana za wska\u017anik procesu starzenia si\u0119 kom\u00f3rek.Badania sugeruj\u0105, \u017ce bajkalina mo\u017ce wp\u0142ywa\u0107 na aktywno\u015b\u0107 telomerazy \u2013 enzymu, kt\u00f3ry pomaga utrzyma\u0107 d\u0142ugo\u015b\u0107 telomer\u00f3w, a tym samym mo\u017ce przyczynia\u0107 si\u0119 do spowolnienia procesu starzenia kom\u00f3rek. Co ciekawe, bajkalina mo\u017ce r\u00f3wnie\u017c oddzia\u0142ywa\u0107 na szereg szlak\u00f3w biochemicznych zwi\u0105zanych z ochron\u0105 kom\u00f3rek przed stresem oksydacyjnym i zapaleniem, co dodatkowo wspiera jej potencja\u0142 w wyd\u0142u\u017caniu \u017cycia i promowaniu zdrowia.<\/p>\n<p>Je\u017celi chcesz pozna\u0107 wi\u0119cej naukowych fakt\u00f3w o bajkalinie &#8211; przeczytaj tu <em><a href=\"https:\/\/pubmed.ncbi.nlm.nih.gov\/19577445\/\">https:\/\/pubmed.ncbi.nlm.nih.gov\/19577445\/<\/a><\/em><\/p>\n<p>&nbsp;<\/p>\n<p><strong><b>Wskaz\u00f3wka LOVEM<\/b><\/strong><\/p>\n<p><strong><b>\u00a0<\/b><\/strong>Tradycyjna\u00a0japo\u0144ska technika Layering.<\/p>\n<p>Layering, znane r\u00f3wnie\u017c jako \u201epiel\u0119gnacja warstwowa,\u201d jest kluczowym elementem w japo\u0144skiej rutynie piel\u0119gnacyjnej. Technika ta polega na nak\u0142adaniu kilku cienkich warstw produkt\u00f3w na sk\u00f3r\u0119, aby maksymalnie j\u0105 nawil\u017cy\u0107, od\u017cywi\u0107 i piel\u0119gnowa\u0107.<\/p>\n<p>Dlaczego layering\u00a0jest tak skuteczne?<\/p>\n<p>Nak\u0142adanie wielu cienkich warstw produkt\u00f3w pozwala na g\u0142\u0119bsze nawil\u017cenie i od\u017cywienie sk\u00f3ry.<\/p>\n<p>Kolejne warstwy produkt\u00f3w umo\u017cliwiaj\u0105 stopniowe wch\u0142anianie sk\u0142adnik\u00f3w aktywnych, co zwi\u0119ksza ich efektywno\u015b\u0107 i wspomaga lepsze rezultaty.<\/p>\n<p>Layering pomaga wzmocni\u0107 naturaln\u0105 barier\u0119 ochronn\u0105 sk\u00f3ry, co mo\u017ce poprawi\u0107 jej odporno\u015b\u0107 na czynniki zewn\u0119trzne i zapobiega\u0107 utracie wody.<\/p>\n<p>Technika ta pozwala na maksymalne wykorzystanie w\u0142a\u015bciwo\u015bci ka\u017cdego z produkt\u00f3w, co mo\u017ce przyczyni\u0107 si\u0119 do lepszych efekt\u00f3w w zakresie nawil\u017cenia, uj\u0119drnienia i wyg\u0142adzenia sk\u00f3ry.<\/p>\n<p><strong><b>Jak prawid\u0142owo stosowa\u0107 technik\u0119 layering w piel\u0119gnacji?<\/b><\/strong><\/p>\n<p>Rozpocznij od dok\u0142adnego oczyszczenia sk\u00f3ry, aby usun\u0105\u0107 zanieczyszczenia i przygotowa\u0107 j\u0105 do kolejnych krok\u00f3w.<\/p>\n<p>Na\u0142\u00f3\u017c lotion na wilgotn\u0105 sk\u00f3r\u0119, aby j\u0105 nawil\u017cy\u0107 i przygotowa\u0107 do wch\u0142aniania kolejnych warstw. W Japonii cz\u0119sto stosuje si\u0119 lotiony i esencje.<\/p>\n<p>Po toniku na\u0142\u00f3\u017c cienk\u0105 warstw\u0119 serum. Pozw\u00f3l, aby si\u0119 wch\u0142on\u0119\u0142o, a nast\u0119pnie na\u0142\u00f3\u017c kolejn\u0105 warstw\u0119, je\u015bli jest to konieczne. W Japonii u\u017cywa si\u0119 cz\u0119sto kilku warstw serum, kt\u00f3re jest\u00a0bogate w sk\u0142adniki nawil\u017caj\u0105ce i od\u017cywcze.<\/p>\n<p>Na zako\u0144czenie, na\u0142\u00f3\u017c krem nawil\u017caj\u0105cy, aby \u201ezatrzyma\u0107\u201d wilgo\u0107 i sk\u0142adniki aktywne w sk\u00f3rze. Mo\u017cesz stosowa\u0107 kilka cienkich warstw, aby uzyska\u0107 intensywne nawil\u017cenie<\/p>\n<p>Raz w tygodniu mo\u017cna doda\u0107 mask\u0119 nawil\u017caj\u0105c\u0105 jako dodatkow\u0105 warstw\u0119 w piel\u0119gnacji.<\/p>\n<p>Dodatkowa wskaz\u00f3wka:<\/p>\n<p>Ka\u017cda warstwa powinna by\u0107 aplikowana na lekko wilgotn\u0105 sk\u00f3r\u0119, aby poprawi\u0107 jej wch\u0142anianie.<\/p>\n<p>Je\u017celi chcesz wiedzie\u0107 wi\u0119cej jak dzia\u0142a metoda layering &#8211; zajrzyj tu: <em><a href=\"https:\/\/pubmed.ncbi.nlm.nih.gov\/27981983\/\">https:\/\/pubmed.ncbi.nlm.nih.gov\/27981983\/<\/a><\/em><\/p>\n","protected":false},"excerpt":{"rendered":"<p>Unikalna, formu\u0142a botanicznego serum boostera i jego\u00a0 wyj\u0105tkowe ro\u015blinne sk\u0142adniki sprawiaj\u0105, \u017ce \u00a0cera jest g\u0142adka, j\u0119drna i nawil\u017cona. Do tego pe\u0142na blasku i odm\u0142odzona.<br \/>\nNiesamowite i tak szerokie dzia\u0142anie to zas\u0142uga pierwszoplanowych gwiazd tego serum: Tarczycy Bajkalskiej i oleju Cacay.<\/p>\n<p>Ekstrakt z Tarczycy Bajkalskiej &#8211; o nazwie Bajkalina &#8211; co potwierdzone zosta\u0142o naukowo &#8211; jest jednym z najbardziej aktywnych substancji przeciwstarzeniowych.<\/p>\n<p>Serum zawiera \u00a0olej Cacay (Kahai), kt\u00f3ry jest \u00a0niekwestionowanym liderem je\u017celi chodzi o zawarto\u015b\u0107 botanicznego retinolu i witaminy E. Zmniejsza przebarwienia sk\u00f3ry, wyr\u00f3wnuj\u0105c jej koloryt i przywraca blask.<\/p>\n<p>Formu\u0142\u0119 wzbogacaj\u0105 \u00a0niezwyk\u0142e oleje z nasion chia, marula, arbuza, avocado i jojoba do kt\u00f3rych \u00a0do\u0142\u0105czy\u0142a naturalna witamina E.<\/p>\n<p>Booster zawiera kompozycj\u0119 \u00a0ekstrakt\u00f3w CO2 z kadzid\u0142owca i marchwi a tak\u017ce ekstrakt z czerwonego wina, granatu i korzenia \u017ce\u0144sze\u0144. Skwalan, aloes i kwas hialuronowy dope\u0142niaj\u0105 kompozycji i sprawiaj\u0105, \u017ce serum niezwykle nawil\u017ca, pachnie, dobrze si\u0119 wch\u0142ania i niesamowicie pi\u0119knie wp\u0142ywa na wygl\u0105d sk\u00f3ry.<\/p>\n<p>15ml &#8211; 1313,34 z\u0142\/100ml &#8211; zawiera VAT<\/p>\n<p>30ml &#8211; 856,67 z\u0142\/100ml &#8211; zawiera VAT<\/p>\n<p>&nbsp;<\/p>\n","protected":false},"featured_media":283,"comment_status":"open","ping_status":"closed","template":"","meta":{"_acf_changed":false,"_et_pb_use_builder":"","_et_pb_old_content":"","_et_gb_content_width":""},"product_brand":[],"product_cat":[77,79,80,89,87,86,29],"product_tag":[],"class_list":{"0":"post-171","1":"product","2":"type-product","3":"status-publish","4":"has-post-thumbnail","6":"product_cat-cera-dojrzala","7":"product_cat-cera-sucha","8":"product_cat-cera-wrazliwa","9":"product_cat-kosmetyki-weganskie","10":"product_cat-proaging","11":"product_cat-regeneracja","12":"product_cat-sera-boostery","14":"first","15":"instock","16":"taxable","17":"shipping-taxable","18":"purchasable","19":"product-type-variable","20":"has-default-attributes"},"acf":[],"_links":{"self":[{"href":"https:\/\/www.lovem.eu\/de\/wp-json\/wp\/v2\/product\/171","targetHints":{"allow":["GET"]}}],"collection":[{"href":"https:\/\/www.lovem.eu\/de\/wp-json\/wp\/v2\/product"}],"about":[{"href":"https:\/\/www.lovem.eu\/de\/wp-json\/wp\/v2\/types\/product"}],"replies":[{"embeddable":true,"href":"https:\/\/www.lovem.eu\/de\/wp-json\/wp\/v2\/comments?post=171"}],"wp:featuredmedia":[{"embeddable":true,"href":"https:\/\/www.lovem.eu\/de\/wp-json\/wp\/v2\/media\/283"}],"wp:attachment":[{"href":"https:\/\/www.lovem.eu\/de\/wp-json\/wp\/v2\/media?parent=171"}],"wp:term":[{"taxonomy":"product_brand","embeddable":true,"href":"https:\/\/www.lovem.eu\/de\/wp-json\/wp\/v2\/product_brand?post=171"},{"taxonomy":"product_cat","embeddable":true,"href":"https:\/\/www.lovem.eu\/de\/wp-json\/wp\/v2\/product_cat?post=171"},{"taxonomy":"product_tag","embeddable":true,"href":"https:\/\/www.lovem.eu\/de\/wp-json\/wp\/v2\/product_tag?post=171"}],"curies":[{"name":"wp","href":"https:\/\/api.w.org\/{rel}","templated":true}]}}