{"id":1790,"date":"2024-06-05T21:50:12","date_gmt":"2024-06-05T19:50:12","guid":{"rendered":"https:\/\/www.lovem.eu\/produkt\/lovem-harz-knochenbalsam-gesicht-koerper-i-30ml\/"},"modified":"2025-10-20T20:31:54","modified_gmt":"2025-10-20T18:31:54","slug":"lovem-harz-knochenbalsam-gesicht-koerper-i-30ml","status":"publish","type":"product","link":"https:\/\/www.lovem.eu\/de\/produkt\/lovem-harz-knochenbalsam-gesicht-koerper-i-30ml\/","title":{"rendered":"Lovem Harz-Knochenbalsam | Gesicht K\u00f6rper I 30ml"},"content":{"rendered":"<p><strong>Butter-Balsam <\/strong>&#8211; zur Anwendung f\u00fcr Gesicht und K\u00f6rper Speziell f\u00fcr Haut mit besonderen Bed\u00fcrfnissen.<br \/>\nEntwickelt zur Pflege von trockener, gereizter, rissiger Haut, die Wind, Frost oder nach einem Sonnenbad ausgesetzt ist.<br \/>\nIdeal f\u00fcr Sportler und Menschen mit Verletzungsrisiko.<br \/>\nDank ihrer Formel auf der Basis von Buttern, Wachsen und \u00d6len ist sie f\u00fcr alle Bedingungen und Wetterlagen geeignet.<br \/>\nSie kann im Sommer und im Winter verwendet werden.<br \/>\n<strong>Lippen &#8211;<\/strong> f\u00fcr spr\u00f6de, rissige und zu Ekzemen neigende<strong>Lippen<\/strong> &#8211; schmiert, spendet Feuchtigkeit, sch\u00fctzt, bringt sichtbare Linderung und Gl\u00e4tte<br \/>\n<strong>Schutz vor K\u00e4lte und Wind<\/strong> &#8211; sch\u00fctzt Wangen, Lippen und Nasen vor niedrigen Temperaturen und Wind <strong>Pflege nach dem Sonnenbad<\/strong> &#8211; befeuchtet und schmiert die Haut, regeneriert <strong>Trockene Hautpflege<\/strong> &#8211; Ellenbogen, Knie, H\u00e4nde, Fersen &#8211; gl\u00e4ttet, befeuchtet, n\u00e4hrt, bringt Erleichterung f\u00fcr rissige Haut        <\/p>\n<h2><\/h2>\n<h2>DIE DNA DER MELISSE<\/h2>\n<p>  Wissenschaftlichen Studien zufolge hat die Resinostwurzel starke regenerative Eigenschaften, reduziert Schwellungen und wirkt entz\u00fcndungshemmend. Au\u00dferdem hat sie eine antibakterielle und antioxidative Wirkung. Sie wirkt feuchtigkeitsspendend und schmerzlindernd.Sie ist wirksam bei der Behandlung von Ekzemen und Hautentz\u00fcndungen. https:\/\/www.ncbi.nlm.nih.gov\/pmc\/articles\/PMC3491633\/ Cupuacu-Butter hat stark feuchtigkeitsspendende, schmierende und sch\u00fctzende Eigenschaften. Sie enth\u00e4lt nat\u00fcrliche Antioxidantien und ist mit der menschlichen Haut biokompatibel.  <\/p>\n<h2>Ein Cocktail aus bioaktiven Inhaltsstoffen<\/h2>\n<p>  Rhabarberwurzel, Cupuacu-Butter, Bienenwachs, Hanf\u00f6l, Soja\u00f6l, Rizinus\u00f6l, nat\u00fcrliches Vitamin E, Hagebuttenkern CO2-Extrakt, Sanddorn CO2-Extrakt  &nbsp;<\/p>\n<p style=\"text-align: justify;\">\n","protected":false},"excerpt":{"rendered":"<p style=\"text-align: justify;\"><strong>Lotion &#8211; Butter, zur Verwendung f\u00fcr Gesicht und K\u00f6rper  <\/strong><\/p>\n<p style=\"text-align: justify;\">Speziell f\u00fcr Haut mit besonderen Bed\u00fcrfnissen.<br \/>\nEntwickelt f\u00fcr die Pflege von trockener, gereizter, rissiger Haut, die Wind, Frost oder nach einem Sonnenbad ausgesetzt ist.<br \/>\nIdeal f\u00fcr Sportler und Menschen mit Verletzungsrisiko.<br \/>\nDie Lotion eignet sich f\u00fcr alle Wetterbedingungen&#8230;.   <\/p>\n","protected":false},"featured_media":1159,"comment_status":"open","ping_status":"closed","template":"","meta":{"_acf_changed":false,"_et_pb_use_builder":"","_et_pb_old_content":"","_et_gb_content_width":""},"product_brand":[],"product_cat":[185,214,219,181,213,218,220],"product_tag":[],"class_list":{"0":"post-1790","1":"product","2":"type-product","3":"status-publish","4":"has-post-thumbnail","6":"product_cat-balsam","7":"product_cat-empfindliche-haut","8":"product_cat-ernahrung","9":"product_cat-regeneration","10":"product_cat-reife-haut","11":"product_cat-trockene-haut","12":"product_cat-vegane-kosmetik","14":"first","15":"instock","16":"taxable","17":"shipping-taxable","18":"purchasable","19":"product-type-simple"},"acf":[],"_links":{"self":[{"href":"https:\/\/www.lovem.eu\/de\/wp-json\/wp\/v2\/product\/1790","targetHints":{"allow":["GET"]}}],"collection":[{"href":"https:\/\/www.lovem.eu\/de\/wp-json\/wp\/v2\/product"}],"about":[{"href":"https:\/\/www.lovem.eu\/de\/wp-json\/wp\/v2\/types\/product"}],"replies":[{"embeddable":true,"href":"https:\/\/www.lovem.eu\/de\/wp-json\/wp\/v2\/comments?post=1790"}],"wp:featuredmedia":[{"embeddable":true,"href":"https:\/\/www.lovem.eu\/de\/wp-json\/wp\/v2\/media\/1159"}],"wp:attachment":[{"href":"https:\/\/www.lovem.eu\/de\/wp-json\/wp\/v2\/media?parent=1790"}],"wp:term":[{"taxonomy":"product_brand","embeddable":true,"href":"https:\/\/www.lovem.eu\/de\/wp-json\/wp\/v2\/product_brand?post=1790"},{"taxonomy":"product_cat","embeddable":true,"href":"https:\/\/www.lovem.eu\/de\/wp-json\/wp\/v2\/product_cat?post=1790"},{"taxonomy":"product_tag","embeddable":true,"href":"https:\/\/www.lovem.eu\/de\/wp-json\/wp\/v2\/product_tag?post=1790"}],"curies":[{"name":"wp","href":"https:\/\/api.w.org\/{rel}","templated":true}]}}