{"id":1791,"date":"2024-06-05T21:50:12","date_gmt":"2024-06-05T19:50:12","guid":{"rendered":"https:\/\/www.lovem.eu\/produkt\/lovem-hautpflegeset-trockene-und-empfindliche-haut\/"},"modified":"2025-05-16T14:57:06","modified_gmt":"2025-05-16T12:57:06","slug":"lovem-hautpflegeset-trockene-und-empfindliche-haut","status":"publish","type":"product","link":"https:\/\/www.lovem.eu\/de\/produkt\/lovem-hautpflegeset-trockene-und-empfindliche-haut\/","title":{"rendered":"LOVEM Hautpflegeset | Trockene und empfindliche Haut"},"content":{"rendered":"<p>Ein luxuri\u00f6ses, reichhaltiges Kosmetikset f\u00fcr trockene und empfindliche Haut Dank der nat\u00fcrlichen Inhaltsstoffe k\u00f6nnen Sie Ihre Haut in mehreren Schritten pflegen.<br \/>\nBefeuchten, straffen und beruhigen Sie empfindliche Haut.   &nbsp;<\/p>\n<h3><strong>Das Set enth\u00e4lt:<\/strong><\/h3>\n<p>&nbsp;  1.<br \/>\n<a href=\"https:\/\/www.lovem.eu\/produkt\/krem-koncentrat-lovem-twarz-dekolt-marcepan-jagody-goji-no-4\/\">Marzipan &amp; Goji Berry Face Cream Concentrate\/Krem Koncentrat Marcepan &amp; Jagody Goji 30ml<\/a> 2.<br \/>\n<a href=\"https:\/\/www.lovem.eu\/produkt\/serum-nawilzajace-lovem-twarz-dekolt-jedwab-i-hialuron\/\">Silk &amp; Hyaluron Skin Booster\/Serum Jedwab &amp; Hialuron 30ml<\/a> 3.<br \/>\n<a href=\"https:\/\/www.lovem.eu\/produkt\/hydrofilowy-olejek-lovem-demakijaz-oczyszczanie-no-14\/\">Grapes &amp; Linen Cleansing Oil\/Hydrofilowy Olejek Winogrona &amp; Len 100ml<\/a> 4.    <a href=\"https:\/\/www.lovem.eu\/produkt\/esencja-nawilzajaca-lovem-twarz-dekolt-bajkalina-peptydy-no-12\/\"><a href=\"https:\/\/www.lovem.eu\/produkt\/esencja-nawilzajaca-lovem-twarz-dekolt-bajkalina-peptydy-no-12\/\">Baicalin &amp; Peptide Gesichtslotion\/Essenz 50ml<\/a><\/a><\/p>\n","protected":false},"excerpt":{"rendered":"<p><span style=\"font-family: Helvetica;\"><span style=\"font-size: 24px;\"><span style=\"font-size: 20px;\"><strong><span style=\"font-size: 14px;\">Luxuri\u00f6ses, reichhaltiges Kosmetikset f\u00fcr trockene und empfindliche Haut<\/span><\/strong><\/span><\/span><\/span><\/p>\n<p><strong><span style=\"font-family: Helvetica;\">Dank der nat\u00fcrlichen Inhaltsstoffe k\u00f6nnen Sie Ihre Haut in mehreren Schritten pflegen.<br \/>\nSie spenden Feuchtigkeit, straffen und beruhigen empfindliche Haut. <\/span><\/strong><\/p>\n<p><span style=\"font-family: Helvetica;\"><span style=\"font-size: 24px;\"><span style=\"font-size: 20px;\"><span style=\"font-size: 14px;\">Das Set enth\u00e4lt:  <\/span><\/span><\/span><\/span><\/p>\n<p><span style=\"font-family: Helvetica;\"><span style=\"font-size: 24px;\"><span style=\"font-size: 20px;\"><span style=\"font-size: 14px;\">1<a href=\"https:\/\/www.lovem.eu\/produkt\/krem-koncentrat-lovem-twarz-dekolt-marcepan-jagody-goji-no-4\/\"> Marzipan &amp; Goji Beeren Gesichtscreme-Konzentrat\/ Marzipan &amp; Goji Beeren-Konzentrat 30ml<\/a><\/span><\/span><\/span><\/span><\/p>\n<p><a href=\"https:\/\/www.lovem.eu\/produkt\/serum-nawilzajace-lovem-twarz-dekolt-jedwab-i-hialuron\/\"><span style=\"font-family: Helvetica;\"><span style=\"font-size: 24px;\"><span style=\"font-size: 20px;\"><span style=\"font-size: 14px;\">2. 30ml Seide &amp; Hyaluron Skin Booster\/Serum<\/span><\/span><\/span><\/span><\/a><\/p>\n<p><span style=\"font-family: Helvetica;\"><span style=\"font-size: 24px;\"><span style=\"font-size: 20px;\"><span style=\"font-size: 14px;\">3<a href=\"https:\/\/www.lovem.eu\/produkt\/hydrofilowy-olejek-lovem-demakijaz-oczyszczanie-no-14\/\"> Trauben &amp; Leinen Reinigungs\u00f6l\/Hydrophiles Trauben- &amp; Leinen\u00f6l 100ml<\/a><\/span><\/span><\/span><\/span><\/p>\n<p><a href=\"https:\/\/www.lovem.eu\/produkt\/esencja-nawilzajaca-lovem-twarz-dekolt-bajkalina-peptydy-no-12\/\"><span style=\"font-family: Helvetica;\"><span style=\"font-size: 24px;\"><span style=\"font-size: 20px;\"><span style=\"font-size: 14px;\">4. 50ml Baicalin &amp; Peptide Gesichtslotion\/Essenz<\/span><\/span><\/span><\/span><\/a><span style=\"font-size: 20px;\"><span style=\"font-size: 18px;\"><span style=\"font-size: 14px;\"><br \/>\n<\/span><\/span><\/span><span style=\"font-size: 14px;\"><br \/>\n<\/span><\/p>\n","protected":false},"featured_media":1137,"comment_status":"open","ping_status":"closed","template":"","meta":{"_acf_changed":false,"_et_pb_use_builder":"","_et_pb_old_content":"","_et_gb_content_width":""},"product_brand":[],"product_cat":[212,214,218],"product_tag":[],"class_list":{"0":"post-1791","1":"product","2":"type-product","3":"status-publish","4":"has-post-thumbnail","6":"product_cat-bausatze","7":"product_cat-empfindliche-haut","8":"product_cat-trockene-haut","9":"product_shipping_class-2-tage","11":"first","12":"instock","13":"taxable","14":"shipping-taxable","15":"purchasable","16":"product-type-simple"},"acf":[],"_links":{"self":[{"href":"https:\/\/www.lovem.eu\/de\/wp-json\/wp\/v2\/product\/1791","targetHints":{"allow":["GET"]}}],"collection":[{"href":"https:\/\/www.lovem.eu\/de\/wp-json\/wp\/v2\/product"}],"about":[{"href":"https:\/\/www.lovem.eu\/de\/wp-json\/wp\/v2\/types\/product"}],"replies":[{"embeddable":true,"href":"https:\/\/www.lovem.eu\/de\/wp-json\/wp\/v2\/comments?post=1791"}],"wp:featuredmedia":[{"embeddable":true,"href":"https:\/\/www.lovem.eu\/de\/wp-json\/wp\/v2\/media\/1137"}],"wp:attachment":[{"href":"https:\/\/www.lovem.eu\/de\/wp-json\/wp\/v2\/media?parent=1791"}],"wp:term":[{"taxonomy":"product_brand","embeddable":true,"href":"https:\/\/www.lovem.eu\/de\/wp-json\/wp\/v2\/product_brand?post=1791"},{"taxonomy":"product_cat","embeddable":true,"href":"https:\/\/www.lovem.eu\/de\/wp-json\/wp\/v2\/product_cat?post=1791"},{"taxonomy":"product_tag","embeddable":true,"href":"https:\/\/www.lovem.eu\/de\/wp-json\/wp\/v2\/product_tag?post=1791"}],"curies":[{"name":"wp","href":"https:\/\/api.w.org\/{rel}","templated":true}]}}