{"id":1808,"date":"2024-06-05T21:50:13","date_gmt":"2024-06-05T19:50:13","guid":{"rendered":"https:\/\/www.lovem.eu\/produkt\/lovem-clinic-vitamin-c-skin-booster-serum\/"},"modified":"2026-04-16T11:21:56","modified_gmt":"2026-04-16T09:21:56","slug":"lovem-clinic-vitamin-c-skin-booster-serum","status":"publish","type":"product","link":"https:\/\/www.lovem.eu\/de\/produkt\/lovem-clinic-vitamin-c-skin-booster-serum\/","title":{"rendered":"Lovem Clinic | Vitamin C | Skin Booster Serum"},"content":{"rendered":"<p><strong>LOVEM CLINIC.<br \/>\nDie Kraft und St\u00e4rke der nat\u00fcrlichen Inhaltsstoffe in der Kosmetik.   <\/strong>  Naturkosmetik f\u00fcr den anspruchsvollen Teint.<br \/>\nKonzentriertes botanisches \u00d6lserum f\u00fcr Gesicht und Dekollet\u00e9 mit einer 20%igen Dosis des Vitamins Tetra C f\u00fcr die Haut mit Hyperpigmentierung und Anzeichen der Hautalterung.<br \/>\nWillkommen in der Welt der sch\u00f6nen, strahlenden Haut!<br \/>\nM\u00f6chten Sie die Kraft der nat\u00fcrlichen Inhaltsstoffe testen?<br \/>\nDann ist dieses Vitamin C-Serum von Lovem Clinic die perfekte Wahl f\u00fcr Sie.<br \/>\nDieses erstaunliche Serum enth\u00e4lt hochwertiges Tetra-Vitamin C, ein starkes Antioxidans, das die Haut vor sch\u00e4dlichen \u00e4u\u00dferen Einfl\u00fcssen wie UV-Strahlen, Umweltverschmutzung und freien Radikalen sch\u00fctzt.<br \/>\nAu\u00dferdem ist Vitamin C ein wichtiger Bestandteil bei der Produktion von Kollagen, das der Haut Elastizit\u00e4t und Spannkraft verleiht und so Falten und Festigkeitsverlusten vorbeugt.<br \/>\nDas Lovem Clinic Vitamin C Skin Booster Serum ist leicht, zieht schnell in die Haut ein und spendet ihr Feuchtigkeit und N\u00e4hrstoffe.<br \/>\nDie regelm\u00e4\u00dfige Anwendung dieses Serums hilft, den Hautton auszugleichen und Hyperpigmentierungen zu reduzieren.<br \/>\nZ\u00f6gern Sie nicht, Lovem Clinic Vitamin C Skin Booster Serum noch heute auszuprobieren!           <\/p>\n<p style=\"text-align: center;\"><img loading=\"lazy\" decoding=\"async\" class=\"alignnone wp-image-361 size-full\" src=\"http:\/\/dvie.pl\/wp-content\/uploads\/2024\/06\/clinic.png\" alt=\"\" width=\"900\" height=\"300\" srcset=\"https:\/\/www.lovem.eu\/wp-content\/uploads\/2024\/06\/clinic.png 900w, https:\/\/www.lovem.eu\/wp-content\/uploads\/2024\/06\/clinic-300x100.png 300w, https:\/\/www.lovem.eu\/wp-content\/uploads\/2024\/06\/clinic-768x256.png 768w, https:\/\/www.lovem.eu\/wp-content\/uploads\/2024\/06\/clinic-480x160.png 480w, https:\/\/www.lovem.eu\/wp-content\/uploads\/2024\/06\/clinic-600x200.png 600w, https:\/\/www.lovem.eu\/wp-content\/uploads\/2024\/06\/clinic-180x60.png 180w, https:\/\/www.lovem.eu\/wp-content\/uploads\/2024\/06\/clinic-270x90.png 270w\" sizes=\"(max-width: 900px) 100vw, 900px\" \/><\/p>\n<p><strong>Die Kraft dieses Serums wird durch Bacuchiol, Coenzym Q10, Lycopin und Kurkuma unterst\u00fctzt.<\/strong>  Die einzelnen Wirkstoffe, die im LOVEM Clinic Vitamin Serum enthalten sind, beeinflussen den Prozess der Zellregeneration, st\u00e4rken die Haut, verbessern ihre Festigkeit, Elastizit\u00e4t und Hydratation.<br \/>\nDie hautaufhellenden und st\u00e4rkenden Eigenschaften sind auf die im Serum enthaltenen nat\u00fcrlichen Antioxidantien zur\u00fcckzuf\u00fchren.<br \/>\nEine starke Dosis Vitamin C in seiner besten TETRA-Form sch\u00fctzt vor UV-Sch\u00e4den und gleicht den Hautton aus.    &nbsp;<\/p>\n<p><strong>Wie wirkt das Lovem Clinic Vitamin C Serum?<\/strong>  Vitamin Tetra C kurbelt die Kollagenproduktion an Das Serum verbessert das Erscheinungsbild von fahler und glanzloser Haut Die Forschung zeigt, dass die in dem Serum verwendete Form von Vitamin C f\u00fcr den Sommer geeignet ist &#8211; sie weist photoprotektive Eigenschaften gegen UVA- und UVB-Strahlen auf.<br \/>\nDas Serum reduziert Hyperpigmentierung St\u00e4rkt die Blutgef\u00e4\u00dfe und lindert R\u00f6tungen Vitamin C in einer Dosis von 20% ist ein wesentlicher Bestandteil f\u00fcr die Ern\u00e4hrung und Regeneration von Hautsch\u00e4den <strong>Lovem Council<\/strong> F\u00fchren Sie Vitamin C in die t\u00e4gliche Hautpflege ein &#8211; eine Substanz, die f\u00fcr die Ern\u00e4hrung und Reparatur von Gewebe in unserem K\u00f6rper unerl\u00e4sslich ist.<br \/>\nEs ist ein Inhaltsstoff, den der menschliche K\u00f6rper nicht selbst herstellen kann und der daher durch die richtige Hautpflege oder Nahrungserg\u00e4nzungsmittel zugef\u00fchrt werden muss.<br \/>\nEs ist ein starkes Antioxidans, das vor Sch\u00e4den durch freie Radikale sch\u00fctzt und Verf\u00e4rbungen aufhellt, indem es die Pigmentproduktion reduziert.<br \/>\n &nbsp;Informationen auf der Grundlage ver\u00f6ffentlichter wissenschaftlicher Untersuchungen https:\/\/aestheticcosmetology.com\/wp-content\/uploads\/2019\/02\/ke2019.1-2.pdf https:\/\/pubmed.ncbi.nlm.nih.gov\/7790686\/<strong>Wirkstoffe des Lovem Clinic Serums Vitamin C20%<\/strong><strong>reines Vitamin<\/strong><strong>C<\/strong> &#8211; in seiner stabilsten, veresterten und wirksamsten Form Ascorbyl Tetrasopalmitat &#8211; Vitamin C ist ein wesentlicher Bestandteil f\u00fcr strahlende Haut.<br \/>\nAls starkes Antioxidans stimuliert es bei topischer Anwendung die Kollagenbiosynthese, wodurch die Haut straffer und elastischer wird.<br \/>\nGleichzeitig sch\u00fctzt es die Haut vor \u00e4u\u00dferen Einfl\u00fcssen und beugt Sch\u00e4den vor, indem es sch\u00e4dliche freie Radikale neutralisiert und hilft, die Pigmentierung zu vereinheitlichen. <strong>3,5% nat\u00fcrliches Vitamin E<\/strong> (eine Mischung aus nat\u00fcrlichen Tocopherolen) &#8211; Ein starkes Antioxidans.<br \/>\nSch\u00fctzt die Haut vor aggressiven Umweltfaktoren und wirkt entz\u00fcndungshemmend.<br \/>\nNat\u00fcrlich vorkommendes Vitamin E kann bei l\u00e4ngerer UV-Bestrahlung verloren gehen.<br \/>\nZus\u00e4tzlich zu seinen beruhigenden Eigenschaften spendet Vitamin E Feuchtigkeit und st\u00e4rkt die Schutzfunktion der Haut. <strong>1% Bacuchiol &#8211; Phytorethinol &#8211; ein pflanzliches Retinoid &#8211; Eine sichere Alternative zu Retinol<\/strong>, die \u00e4hnliche Ergebnisse ohne die negativen Nebenwirkungen erzielt.<br \/>\nEs ist sanft genug, um t\u00e4glich angewendet zu werden, und hilft wirksam bei der Vorbeugung von feinen Linien und Falten, verbessert die Hautstruktur und hellt die Haut auf, indem es die Erneuerung der Epidermis stimuliert.<br \/>\nDiese brillante Alternative zu nat\u00fcrlichem Retinol wird von der Epidermis aufgenommen, wodurch die Exfoliation abgestorbener Zellen verbessert wird.<br \/>\nAuf diese Weise stimuliert es auch die Kollagenproduktion und gl\u00e4ttet feine Linien und F\u00e4ltchen.<br \/>\nIm Gegensatz zu herk\u00f6mmlichem Retinol ist Bacuchiol so sanft, dass es selbst bei sehr empfindlicher Haut angewendet werden kann.<br \/>\nEs ist ein starkes Antioxidans, das die Zeichen der Hautalterung wirksam beseitigt und die Elastizit\u00e4t und Widerstandsf\u00e4higkeit der Haut verbessert.<br \/>\nDar\u00fcber hinaus hat es auch entz\u00fcndungshemmende und aknehemmende Eigenschaften. <strong>1% Coenzym Q10<\/strong> &#8211; Ein starkes lipophiles Antioxidans, das die Haut elastischer macht, feine Linien gl\u00e4ttet und so das Hautbild ausgleicht.<br \/>\nF\u00f6rdert die Abflachung von Falten, verbessert die Elastizit\u00e4t der Haut und ihre Hydratation.                 Bek\u00e4mpft die Auswirkungen der Lichtalterung, sch\u00fctzt die Hautlipide vor Oxidation, stimuliert die Fibroblastenteilung, verz\u00f6gert den Kollagenabbau. <strong>Kurkuma und Curcumin in CO2-Extrakt<\/strong> &#8211; Polyphenol mit starken antioxidativen, entz\u00fcndungshemmenden und antibakteriellen Eigenschaften.<br \/>\nLindert und hellt Verf\u00e4rbungen auf und hat eine gro\u00dfe Wirkung auf die Faltenreduzierung. <strong>Bisabolol<\/strong> &#8211; Ein nat\u00fcrlicher Inhaltsstoff, der durch Destillation des \u00e4therischen \u00d6ls der deutschen Kamillenbl\u00fcten gewonnen wird.<br \/>\nHat eine beruhigende, entz\u00fcndungshemmende und antibakterielle Wirkung.<br \/>\nEr verbessert das Erscheinungsbild trockener oder gesch\u00e4digter Haut, reduziert die Schuppenbildung und stellt die Festigkeit wieder her.<br \/>\nAu\u00dferdem hat es beruhigende Eigenschaften. <strong>Lycopin<\/strong> &#8211; Eines der st\u00e4rksten Antioxidantien der Natur.<br \/>\nSch\u00fctzt vor sch\u00e4dlichen Umwelteinfl\u00fcssen und wirkt der Lichtalterung der Haut entgegen.<br \/>\nBeeinflusst die Hydratation, Festigkeit und Elastizit\u00e4t der Haut. <strong>Squalan<\/strong> &#8211; Regeneriert, beruhigt und bes\u00e4nftigt, spendet Feuchtigkeit und n\u00e4hrt die Haut und erh\u00f6ht das Eindringen von Wirkstoffen.<br \/>\nEs hat keine komedogene Wirkung.<br \/>\nEs ist ein Wirkstoff, der Bestandteil des menschlichen Talgs ist (10%).<br \/>\nSeine Rolle bei der Aufrechterhaltung des Zustands der menschlichen Haut ist sehr bedeutend <strong>Kirschkern\u00f6l<\/strong>&#8211; spendet intensiv Feuchtigkeit, lindert Entz\u00fcndungen und st\u00e4rkt die Blutgef\u00e4\u00dfe.<br \/>\nEs ist eine wertvolle Quelle f\u00fcr unges\u00e4ttigte Fetts\u00e4uren: Linols\u00e4ure (Omega-6), \u00d6ls\u00e4ure (Omega-9) und \u03b3-Linolens\u00e4ure.<br \/>\nEs enth\u00e4lt Antioxidantien, Pflanzensterole, Polyphenole und die Vitamine A, B17 und E. <strong>Feigensamen\u00f6l<\/strong> &#8211; Gl\u00e4ttet die Haut, mindert Spannungsgef\u00fchle und Trockenheit und macht sie samtig und strahlend.<br \/>\nVerhindert die Bildung neuer Falten und stimuliert die Kollagenfasern. <strong>CO2-Extrakt aus Rosmarin und CO2-Extrakt aus Himbeeren<\/strong> &#8211; Haben antioxidative, gl\u00e4ttende und entz\u00fcndungshemmende Eigenschaften und unterst\u00fctzen den Sonnenschutz.<br \/>\nEin Serum f\u00fcr alle Hauttypen.<br \/>\nF\u00fcr die Anwendung am Tag.<br \/>\nSicher f\u00fcr Schwangere und stillende M\u00fctter.<br \/>\nUm sicherzustellen, dass unsere Kosmetika optimal wirken und die Zusammensetzung von Vitaminen, Antioxidantien und leistungsstarken N\u00e4hrstoffen in unseren t\u00e4glichen Hautpflegeprodukten optimal ist, haben wir daf\u00fcr gesorgt, dass alle Inhaltsstoffe in unseren Kompositionen und Formulierungen sich gegenseitig erg\u00e4nzen und unterst\u00fctzen und die bestm\u00f6glichen optimalen Konzentrationen an Wirkstoffen aufweisen.                <\/p>\n","protected":false},"excerpt":{"rendered":"<p><strong>Lovem Clinic &#8211; Intensives \u00d6l-Tagesserum<\/strong><strong><strong>20% reines Tetra-Vitamin C + Bacuchiol + Coenzym Q10 + Lycopin + Kurkuma<\/strong><\/strong><strong><strong>Vitamin C &#8211; Serum zur Auffrischung der Haut | Vitamin C <\/strong><\/strong><strong>Antioxidant Skin Therapy <\/strong> Die Quelle der Jugendlichkeit der Haut liegt in der Kraft der wunderbaren organischen Inhaltsstoffe, die in der Lage sind, das Gewebe zu verj\u00fcngen und die Kollagenproduktion zu steigern.<br \/>\nDank der hohen Konzentrationen an Wirkstoffen, die laut der<br \/>\nDank der hohen Konzentrationen an Wirkstoffen, die wissenschaftlichen Untersuchungen zufolge den Zellregenerationsprozess stimulieren, die Haut st\u00e4rken, ihre Festigkeit, Elastizit\u00e4t und Feuchtigkeit verbessern, k\u00f6nnen wir die Haut so wunderbar pflegen.  <\/p>\n","protected":false},"featured_media":2459,"comment_status":"open","ping_status":"closed","template":"","meta":{"_acf_changed":false,"_et_pb_use_builder":"","_et_pb_old_content":"","_et_gb_content_width":""},"product_brand":[],"product_cat":[219,216,229,230,173,181,213,211,218,228,220],"product_tag":[],"class_list":{"0":"post-1808","1":"product","2":"type-product","3":"status-publish","4":"has-post-thumbnail","6":"product_cat-ernahrung","7":"product_cat-fettige-und-zu-akne-neigende-haut","8":"product_cat-haut-mit-verfarbungen","9":"product_cat-mischhaut","10":"product_cat-proaging-de","11":"product_cat-regeneration","12":"product_cat-reife-haut","13":"product_cat-serum-booster-de","14":"product_cat-trockene-haut","15":"product_cat-vaskulare-haut","16":"product_cat-vegane-kosmetik","18":"first","19":"outofstock","20":"featured","21":"taxable","22":"shipping-taxable","23":"purchasable","24":"product-type-variable","25":"has-default-attributes"},"acf":[],"_links":{"self":[{"href":"https:\/\/www.lovem.eu\/de\/wp-json\/wp\/v2\/product\/1808","targetHints":{"allow":["GET"]}}],"collection":[{"href":"https:\/\/www.lovem.eu\/de\/wp-json\/wp\/v2\/product"}],"about":[{"href":"https:\/\/www.lovem.eu\/de\/wp-json\/wp\/v2\/types\/product"}],"replies":[{"embeddable":true,"href":"https:\/\/www.lovem.eu\/de\/wp-json\/wp\/v2\/comments?post=1808"}],"wp:featuredmedia":[{"embeddable":true,"href":"https:\/\/www.lovem.eu\/de\/wp-json\/wp\/v2\/media\/2459"}],"wp:attachment":[{"href":"https:\/\/www.lovem.eu\/de\/wp-json\/wp\/v2\/media?parent=1808"}],"wp:term":[{"taxonomy":"product_brand","embeddable":true,"href":"https:\/\/www.lovem.eu\/de\/wp-json\/wp\/v2\/product_brand?post=1808"},{"taxonomy":"product_cat","embeddable":true,"href":"https:\/\/www.lovem.eu\/de\/wp-json\/wp\/v2\/product_cat?post=1808"},{"taxonomy":"product_tag","embeddable":true,"href":"https:\/\/www.lovem.eu\/de\/wp-json\/wp\/v2\/product_tag?post=1808"}],"curies":[{"name":"wp","href":"https:\/\/api.w.org\/{rel}","templated":true}]}}