{"id":1810,"date":"2024-06-05T21:50:14","date_gmt":"2024-06-05T19:50:14","guid":{"rendered":"https:\/\/www.lovem.eu\/produkt\/starke-regeneration-und-die-kraft-der-antioxidantien\/"},"modified":"2024-06-05T21:50:14","modified_gmt":"2024-06-05T19:50:14","slug":"starke-regeneration-und-die-kraft-der-antioxidantien","status":"publish","type":"product","link":"https:\/\/www.lovem.eu\/de\/produkt\/starke-regeneration-und-die-kraft-der-antioxidantien\/","title":{"rendered":"Starke Regeneration und die Kraft der Antioxidantien"},"content":{"rendered":"<p><strong>Sommer-Kit Starke Regeneration und die Kraft der Antioxidantien<\/strong> Ein speziell f\u00fcr Ihre Haut entwickeltes Kit.<br \/>\nWir stellen Ihnen unsere beiden Juwelen vor: Lovem Clinic Serum mit 20% Vitamin Tetra C und Baikalin und Peptide Lotion.<br \/>\nDieses dynamische Duo wird Ihnen zu der strahlenden und gesund aussehenden Haut verhelfen, die Sie sich w\u00fcnschen.<br \/>\nDas Lovem Clinic Serum ist eine wahre Revolution in der Sommerhautpflege.<br \/>\nMit bis zu 20% Vitamin C, dessen starke antioxidative Wirkung im Kampf gegen freie Radikale unersetzlich ist, wird Ihre Haut mit Energie versorgt und strahlt.<br \/>\nVitamin C stimuliert die Kollagenproduktion und verbessert die Festigkeit und Elastizit\u00e4t der Haut.<br \/>\nDar\u00fcber hinaus hellt das Serum Hyperpigmentierungen auf und verleiht Ihnen einen gleichm\u00e4\u00dfigen und ebenm\u00e4\u00dfigen Hautton.<br \/>\nDie Baikalin and Peptides Lotion ist die perfekte Erg\u00e4nzung Ihrer sommerlichen Hautpflegeroutine.<br \/>\nDiese Lotion nutzt die Kraft nat\u00fcrlicher Inhaltsstoffe, um die der Sonne und anderen \u00e4u\u00dferen Einfl\u00fcssen ausgesetzte Haut zu beruhigen.<br \/>\nBaicalin ist bekannt f\u00fcr seine entz\u00fcndungshemmenden und antioxidativen Eigenschaften.<br \/>\nDar\u00fcber hinaus stimulieren Peptide die Regenerationsprozesse der Haut und kurbeln die Kollagen- und Elastinproduktion an.<br \/>\nDas Ergebnis: Ihre Haut wird geschmeidiger, glatter und n\u00e4hrstoffreicher und spendet viel Feuchtigkeit.<br \/>\nBei unserem Lovem Sommer-Kosmetikset geht es nicht nur um Schutz und Revitalisierung Ihrer Haut, sondern auch um Genuss und Komfort.<br \/>\nDie Formeln unserer Produkte ziehen schnell ein und sorgen daf\u00fcr, dass Sie sich den ganzen Tag lang frisch f\u00fchlen.<br \/>\nSp\u00fcren Sie die Sommerbrise auf Ihrer Haut und genie\u00dfen Sie Ihre t\u00e4gliche Pflege mit Lovem.<br \/>\nWarten Sie nicht l\u00e4nger und reihen Sie sich ein in die Reihen unserer zufriedenen Kunden.<br \/>\nHolen Sie sich noch heute Ihr Lovem Sommer-Beauty-Kit und seien Sie bereit f\u00fcr den Sommer, um mit Ihrer strahlenden Haut aufzubl\u00fchen.                  &nbsp;<\/p>\n<h2><strong>Das Set enth\u00e4lt<\/strong><\/h2>\n<p>  1.Lovem Clinic mit Vitamin C &#8211; Serum zur St\u00e4rkung der Haut &#8211; 30ml 2.Lotion Baicalein und Peptide -50ml<\/p>\n","protected":false},"excerpt":{"rendered":"<p>Sommer-Kit starke Regeneration und die Kraft der Antioxidantien<\/p>\n","protected":false},"featured_media":1117,"comment_status":"open","ping_status":"closed","template":"","meta":{"_acf_changed":false,"_et_pb_use_builder":"","_et_pb_old_content":"","_et_gb_content_width":""},"product_brand":[],"product_cat":[224],"product_tag":[],"class_list":{"0":"post-1810","1":"product","2":"type-product","3":"status-publish","4":"has-post-thumbnail","6":"product_cat-sommer-promotion-kits","8":"first","9":"outofstock","10":"taxable","11":"shipping-taxable","12":"purchasable","13":"product-type-simple"},"acf":[],"_links":{"self":[{"href":"https:\/\/www.lovem.eu\/de\/wp-json\/wp\/v2\/product\/1810","targetHints":{"allow":["GET"]}}],"collection":[{"href":"https:\/\/www.lovem.eu\/de\/wp-json\/wp\/v2\/product"}],"about":[{"href":"https:\/\/www.lovem.eu\/de\/wp-json\/wp\/v2\/types\/product"}],"replies":[{"embeddable":true,"href":"https:\/\/www.lovem.eu\/de\/wp-json\/wp\/v2\/comments?post=1810"}],"wp:featuredmedia":[{"embeddable":true,"href":"https:\/\/www.lovem.eu\/de\/wp-json\/wp\/v2\/media\/1117"}],"wp:attachment":[{"href":"https:\/\/www.lovem.eu\/de\/wp-json\/wp\/v2\/media?parent=1810"}],"wp:term":[{"taxonomy":"product_brand","embeddable":true,"href":"https:\/\/www.lovem.eu\/de\/wp-json\/wp\/v2\/product_brand?post=1810"},{"taxonomy":"product_cat","embeddable":true,"href":"https:\/\/www.lovem.eu\/de\/wp-json\/wp\/v2\/product_cat?post=1810"},{"taxonomy":"product_tag","embeddable":true,"href":"https:\/\/www.lovem.eu\/de\/wp-json\/wp\/v2\/product_tag?post=1810"}],"curies":[{"name":"wp","href":"https:\/\/api.w.org\/{rel}","templated":true}]}}