{"id":1817,"date":"2024-06-05T21:50:14","date_gmt":"2024-06-05T19:50:14","guid":{"rendered":"https:\/\/www.lovem.eu\/produkt\/farbnivellierung-und-schutz\/"},"modified":"2024-06-05T21:50:14","modified_gmt":"2024-06-05T19:50:14","slug":"farbnivellierung-und-schutz","status":"publish","type":"product","link":"https:\/\/www.lovem.eu\/de\/produkt\/farbnivellierung-und-schutz\/","title":{"rendered":"Farbnivellierung und Schutz"},"content":{"rendered":"<p><strong>Summer Promotion Kit f\u00fcr einen gleichm\u00e4\u00dfigen Hautton und Schutz<\/strong><\/p>\n<h2><strong>Das Set enth\u00e4lt<\/strong><\/h2>\n<p> &nbsp; Sanddorn und Vitamin E Tagescreme &#8211; 30ml Seiden- und Hyaluron-Serum &#8211; 30ml Entdecken Sie ein au\u00dfergew\u00f6hnliches Sommer-Kosmetikset von Lovem, das speziell f\u00fcr Ihre Haut entwickelt wurde.<br \/>\nWir stellen Ihnen unsere beiden unverzichtbaren Kosmetika vor: die Sanddorncreme mit Vitamin E und das Seiden- und Hyaluron-Serum.<br \/>\nDieses wunderbare Duo wird Ihre Haut mit unvergleichlicher Pflege versorgen, damit Sie den ganzen Sommer \u00fcber sch\u00f6n und gesund aussehen.<br \/>\nUnsere Sanddorncreme mit Vitamin E ist ein wahrer Schutzschild f\u00fcr Ihre Haut in den Sommermonaten.<br \/>\nDer Reichtum an nat\u00fcrlichen Inhaltsstoffen, darunter Sanddorn\u00f6l, versorgt Ihre Haut mit den Vitaminen C, E und Beta-Carotin, die wirksam vor sch\u00e4dlichen UV-Strahlen sch\u00fctzen.<br \/>\nDar\u00fcber hinaus wirkt Vitamin E als starkes Antioxidans, das freie Radikale neutralisiert und den Alterungsprozess der Haut verlangsamt.<br \/>\nIhr Schutzritter im Kampf gegen die \u00e4u\u00dferen Einfl\u00fcsse des Sommers!<br \/>\nSanddornfrucht sorgt f\u00fcr eine sch\u00f6ne Hautfarbe und mindert R\u00f6tungen.<br \/>\nHyaluron Silk Serum ist die Essenz der Hydratation und Revitalisierung f\u00fcr Ihre Haut.<br \/>\nEs enth\u00e4lt einen einzigartigen Hyaluronkomplex, der die Haut intensiv mit Feuchtigkeit versorgt und ihre Elastizit\u00e4t und Geschmeidigkeit verbessert.<br \/>\nDank seiner seidigen Textur zieht das Serum perfekt in die Haut ein und sorgt f\u00fcr ein sofortiges Gef\u00fchl von Zartheit und Geschmeidigkeit.<br \/>\nEs l\u00e4sst Ihre Haut strahlend, j\u00fcnger und lebendig aussehen.<br \/>\nDas Silk and Hyaluron Serum ist Ihre Geheimwaffe auf dem Weg zu einer sch\u00f6nen Haut im Sommer.<br \/>\nUnser Lovem Sommer-Sch\u00f6nheitsset ist nicht nur effektive Pflege, sondern auch Genuss und Luxus.<br \/>\nDie Formeln unserer Produkte ziehen schnell ein und sorgen den ganzen Tag \u00fcber f\u00fcr ein Gef\u00fchl der Frische.<br \/>\nSchenken Sie Ihrer Haut die wahre Liebe, die sie bekommen kann, indem Sie sich f\u00fcr ein Lovem Kosmetikset entscheiden.<br \/>\nWarten Sie nicht l\u00e4nger und reihen Sie sich ein in die Reihen unserer zufriedenen Kunden.<br \/>\nBestellen Sie noch heute Ihr Lovem Sommerkosmetikset und genie\u00dfen Sie den ganzen Sommer \u00fcber eine sch\u00f6ne und gesunde Haut.<br \/>\nWerfen Sie auch einen Blick auf unser gesamtes Kosmetiksortiment, in dem Sie weitere innovative Hautpflegeprodukte finden.<br \/>\nLovem &#8211; weil Ihre Haut die h\u00f6chste Qualit\u00e4t verdient.<br \/>\nSchl\u00fcsselw\u00f6rter: Sommer Beauty Kit, Sanddorn Creme mit Vitamin E, Seidenhyaluron Serum, Sommer Hautpflege, Feuchtigkeit, Hautschutz, Lovem Kosmetik.                    <\/p>\n","protected":false},"excerpt":{"rendered":"<p>Summer Promotion Kit f\u00fcr einen gleichm\u00e4\u00dfigen Hautton und Schutz<\/p>\n","protected":false},"featured_media":1119,"comment_status":"open","ping_status":"closed","template":"","meta":{"_acf_changed":false,"_et_pb_use_builder":"","_et_pb_old_content":"","_et_gb_content_width":""},"product_brand":[],"product_cat":[224],"product_tag":[],"class_list":{"0":"post-1817","1":"product","2":"type-product","3":"status-publish","4":"has-post-thumbnail","6":"product_cat-sommer-promotion-kits","8":"first","9":"outofstock","10":"taxable","11":"shipping-taxable","12":"purchasable","13":"product-type-simple"},"acf":[],"_links":{"self":[{"href":"https:\/\/www.lovem.eu\/de\/wp-json\/wp\/v2\/product\/1817","targetHints":{"allow":["GET"]}}],"collection":[{"href":"https:\/\/www.lovem.eu\/de\/wp-json\/wp\/v2\/product"}],"about":[{"href":"https:\/\/www.lovem.eu\/de\/wp-json\/wp\/v2\/types\/product"}],"replies":[{"embeddable":true,"href":"https:\/\/www.lovem.eu\/de\/wp-json\/wp\/v2\/comments?post=1817"}],"wp:featuredmedia":[{"embeddable":true,"href":"https:\/\/www.lovem.eu\/de\/wp-json\/wp\/v2\/media\/1119"}],"wp:attachment":[{"href":"https:\/\/www.lovem.eu\/de\/wp-json\/wp\/v2\/media?parent=1817"}],"wp:term":[{"taxonomy":"product_brand","embeddable":true,"href":"https:\/\/www.lovem.eu\/de\/wp-json\/wp\/v2\/product_brand?post=1817"},{"taxonomy":"product_cat","embeddable":true,"href":"https:\/\/www.lovem.eu\/de\/wp-json\/wp\/v2\/product_cat?post=1817"},{"taxonomy":"product_tag","embeddable":true,"href":"https:\/\/www.lovem.eu\/de\/wp-json\/wp\/v2\/product_tag?post=1817"}],"curies":[{"name":"wp","href":"https:\/\/api.w.org\/{rel}","templated":true}]}}