{"id":1766,"date":"2024-08-06T17:30:17","date_gmt":"2024-08-06T15:30:17","guid":{"rendered":"https:\/\/www.lovem.eu\/purchases-payments-delivery\/"},"modified":"2024-09-14T20:56:34","modified_gmt":"2024-09-14T18:56:34","slug":"purchases-payments-delivery","status":"publish","type":"page","link":"https:\/\/www.lovem.eu\/en\/purchases-payments-delivery\/","title":{"rendered":"Purchases &amp; Payments &amp; Delivery"},"content":{"rendered":"\n<p>Purchases &amp; Payments &amp; Delivery  <\/p>\n\n<p><strong>Shopping<\/strong><\/p>\n\n<p>Orders can be placed at <a href=\"http:\/\/www.lovem.eu\/\">www.lovem.eu<\/a> 24 hours a day.<\/p>\n\n<p>To place an order, you need to perform the following steps, some of which can be repeated many times:<\/p>\n\n<ol class=\"wp-block-list\">\n<li>Adding <strong>a product<\/strong> to your <strong>cart<\/strong>;<\/li>\n\n\n\n<li>selection of the type of <strong>delivery<\/strong>;<\/li>\n\n\n\n<li>selection of <strong>payment<\/strong> type;<\/li>\n\n\n\n<li>placing <strong>an order<\/strong> in the <strong>store<\/strong> by using <strong>the<\/strong> &#8220;<strong>Buy and pay<\/strong>&#8221; button.<\/li>\n<\/ol>\n\n<p>The contract is concluded when the order is placed.<\/p>\n\n<p>Shipping of purchased goods is carried out after the payment is credited, on a working day.\nConfirmation of the order and all information is sent to the email address, which was provided when placing the order. <\/p>\n\n<p><strong>details:  <\/strong><\/p>\n\n<p><a href=\"https:\/\/lovem.eu\/strona\/regulamin\">https:\/\/lovem.eu\/strona\/regulamin<\/a><\/p>\n\n<p><a href=\"https:\/\/lovem.eu\/strona\/polityka-prywatnosci\">https:\/\/lovem.eu\/strona\/polityka-prywatnosci<\/a><\/p>\n\n<p><strong>Payment methods  <\/strong><\/p>\n\n<p>The execution of an order paid by traditional bank transfer or through an electronic payment system takes place after the payment is credited to the Seller&#8217;s account, which should be within 72 hours of placing the order.  <\/p>\n\n<p>Payments in our store are handled by :  <\/p>\n\n<ul class=\"wp-block-list\">\n<li>PayPro S.A. (Przelewy 24) with headquarters in Pozna\u0144 (KRS: 0000347935, NIP: 7792369887) operator of the przelewy24.pl service.<\/li>\n\n\n\n<li>PayPal Polska Sp.\nz o.o., based in Warsaw (KRS: 0000289372, NIP: 5252406419) <\/li>\n\n\n\n<li>Blue Media S.A based in Sopot at Powsta\u0144c\u00f3w Warszawy 6, code 81-718.\nThe company is registered in the District Court Gda\u0144sk-P\u00f3\u0142noc VIII Economic Department of the National Court Register under the number 0000320590, NIP 585-13-51-185, REGON 191781561.\nBlue Media S.A. is also a provider of online card payment services;  <\/li>\n<\/ul>\n\n<ul class=\"wp-block-list\">\n<li>traditional bank transfer to our account (please include your order number in the description)<\/li>\n<\/ul>\n\n<p>PKO BP  <\/p>\n\n<p>87 1020 4900 0000 8902 3287 6538  <\/p>\n\n<p>IBAN : PL87 1020 4900 0000 8902 3287 6538  <\/p>\n\n<p>BIC <strong>(SWIFT)<\/strong> Code : <strong>BPKOPLPW<\/strong><\/p>\n\n<p>  DVIE Sp.\nz o.o. <\/p>\n\n<p>  1A\/44 Gorczycowa str.  <\/p>\n\n<p>  81-591 Gdynia<\/p>\n\n<p>  NIP PL9581698980<\/p>\n\n<p><strong>Everything is done in an encrypted, secure SSL connection<\/strong><\/p>\n\n<p>details:  <\/p>\n\n<p><a href=\"https:\/\/lovem.eu\/strona\/regulamin\">https:\/\/lovem.eu\/strona\/regulamin<\/a><\/p>\n\n<p><a href=\"https:\/\/lovem.eu\/strona\/polityka-prywatnosci\">https:\/\/lovem.eu\/strona\/polityka-prywatnosci<\/a><\/p>\n\n<p><strong>Delivery methods in Poland &#8211; expected delivery time 2-4 working days<\/strong><\/p>\n\n<p>Shipments are delivered by:<\/p>\n\n<ul class=\"wp-block-list\">\n<li>InPost Sp.\nz o.o. with headquarters in Krakow (KRS 0000543759, NIP: 6793108059) &#8211; only on the territory of Poland <\/li>\n\n\n\n<li>DPD Polska Sp.\nZ o.o. based in Warsaw (KRS:0000028368, NIP: 5260204110) <\/li>\n<\/ul>\n\n<p><strong>Delivery costs<\/strong><\/p>\n\n<p>The cost of delivery depends on the value of the order placed.  <\/p>\n\n<p>Orders within Poland up to PLN 200:<\/p>\n\n<ul class=\"wp-block-list\">\n<li>delivery by courier DPD &#8211; 15,00 z\u0142<\/li>\n\n\n\n<li>delivery Parcel Machines InPost &#8211; PLN 15.00<\/li>\n\n\n\n<li>delivery Inpost courier &#8211; PLN 16.00  <\/li>\n\n\n\n<li>DPD courier on delivery &#8211; 18 z\u0142<\/li>\n<\/ul>\n\n<p>Orders within Poland above PLN 200<\/p>\n\n<ul class=\"wp-block-list\">\n<li>free of charge<\/li>\n<\/ul>\n\n<p>details:  <\/p>\n\n<p><a href=\"https:\/\/lovem.eu\/strona\/regulamin\">https:\/\/lovem.eu\/strona\/regulamin<\/a><\/p>\n\n<p><a href=\"https:\/\/lovem.eu\/strona\/polityka-prywatnosci\">https:\/\/lovem.eu\/strona\/polityka-prywatnosci<\/a><\/p>\n\n<p><strong>Delivery methods to European countries (outside Poland) &#8211; expected delivery time up to 10 working days<\/strong><\/p>\n\n<p>Shipments are delivered by:<\/p>\n\n<ul class=\"wp-block-list\">\n<li>DPD Polska Sp.\nz o.o., based in Warsaw (KRS:0000028368, NIP: 5260204110) <\/li>\n<\/ul>\n\n<p>Delivery Costs :  <\/p>\n\n<ul class=\"wp-block-list\">\n<li>65,00 PLN regardless of the value of the order<\/li>\n<\/ul>\n\n<p><strong>Orders to other countries outside Europe &#8211; delivery time determined by the shipment provider<\/strong><\/p>\n\n<ul class=\"wp-block-list\">\n<li>please contact us by email: <a href=\"mailto:biuro@lovem.eu\">biuro@lovem.eu<\/a> to determine the best method of delivery<\/li>\n<\/ul>\n\n<p><strong>Personal collection of cosmetics<\/strong><\/p>\n\n<p>In exceptional cases, it is possible to pick up in person at the company&#8217;s headquarters at ul.\nKameliowa 3 in Gdynia.\nIn order to determine the exact date of receipt of cosmetics, please contact us in advance by e-mail ( <a href=\"mailto:sklep@lovem.eu\">sklep@lovem.eu).<\/a>  <\/p>\n\n<p>details:  <\/p>\n\n<p><a href=\"https:\/\/lovem.eu\/strona\/regulamin\">https:\/\/lovem.eu\/strona\/regulamin<\/a><\/p>\n\n<p><a href=\"https:\/\/lovem.eu\/strona\/polityka-prywatnosci\">https:\/\/lovem.eu\/strona\/polityka-prywatnosci<\/a><\/p>\n","protected":false},"excerpt":{"rendered":"<p>Purchases &amp; Payments &amp; Delivery Shopping Orders can be placed at www.lovem.eu 24 hours a day. To place an order, you need to perform the following steps, some of which can be repeated many times: The contract is concluded when the order is placed. Shipping of purchased goods is carried out after the payment is [&hellip;]<\/p>\n","protected":false},"author":1,"featured_media":0,"parent":0,"menu_order":0,"comment_status":"closed","ping_status":"closed","template":"","meta":{"_acf_changed":false,"_et_pb_use_builder":"off","_et_pb_old_content":"","_et_gb_content_width":"","footnotes":""},"class_list":["post-1766","page","type-page","status-publish","hentry"],"acf":[],"_links":{"self":[{"href":"https:\/\/www.lovem.eu\/en\/wp-json\/wp\/v2\/pages\/1766","targetHints":{"allow":["GET"]}}],"collection":[{"href":"https:\/\/www.lovem.eu\/en\/wp-json\/wp\/v2\/pages"}],"about":[{"href":"https:\/\/www.lovem.eu\/en\/wp-json\/wp\/v2\/types\/page"}],"author":[{"embeddable":true,"href":"https:\/\/www.lovem.eu\/en\/wp-json\/wp\/v2\/users\/1"}],"replies":[{"embeddable":true,"href":"https:\/\/www.lovem.eu\/en\/wp-json\/wp\/v2\/comments?post=1766"}],"version-history":[{"count":1,"href":"https:\/\/www.lovem.eu\/en\/wp-json\/wp\/v2\/pages\/1766\/revisions"}],"predecessor-version":[{"id":1767,"href":"https:\/\/www.lovem.eu\/en\/wp-json\/wp\/v2\/pages\/1766\/revisions\/1767"}],"wp:attachment":[{"href":"https:\/\/www.lovem.eu\/en\/wp-json\/wp\/v2\/media?parent=1766"}],"curies":[{"name":"wp","href":"https:\/\/api.w.org\/{rel}","templated":true}]}}