{"id":2123,"date":"2024-06-05T21:50:10","date_gmt":"2024-06-05T19:50:10","guid":{"rendered":"https:\/\/www.lovem.eu\/produkt\/lovem-face-wash-powder-silk-and-white-clay-30ml\/"},"modified":"2025-12-18T21:23:45","modified_gmt":"2025-12-18T20:23:45","slug":"lovem-face-wash-powder-silk-and-white-clay-30ml","status":"publish","type":"product","link":"https:\/\/www.lovem.eu\/en\/produkt\/lovem-face-wash-powder-silk-and-white-clay-30ml\/","title":{"rendered":"Lovem Face Wash Powder | Silk and White Clay | 30ml"},"content":{"rendered":"<p><strong>Lovem Silk and White Clay Botanical Luxury Facial Cleansing Powder<\/strong><\/p>\n<p>Puder polecany stosowa\u0107 dla ka\u017cdej cery. A je\u015bli masz cer\u0119 delikatn\u0105 i wra\u017cliw\u0105 docenisz go szczeg\u00f3lnie. Stworzy\u0142y\u015bmy go z my\u015bl\u0105 o ultra\u0142agodnym myciu twarzy. Botaniczny Puder Lovem The powder is recommended for all skin types. And if you have delicate and sensitive skin you will especially appreciate it. We have created it with ultra-gentle facial cleansing in mind. Lovem Botanical Silk and White Clay Powder is a blend of cleansing and nourishing ingredients. It can be used for daily cleansing of delicate and sensitive skin or as a mask. The base for the Powder is silk and white clay, as well as valuable wheat and calendula extracts. Ideal for cleansing delicate, dry and sensitive skin. White clay or kaolin is one of the most delicate clays. Thanks to its aluminium content, it tightens the pores and absorbs excess sebum, making it suitable for sensitive, oily and combination skin. Smoothes, soothes irritations and improves skin tone. It provides the skin with micronutrients and mineral salts. Oat silk is characterised by very small particles of a standardised size and a high content of polar lipids. It eliminates greasiness and removes excess oil from the skin, without causing a drying effect or exposing the skin to unfavourable factors. It is therefore ideal even for sensitive, acne-prone and mature skin. Calendula extract has long been valued for its excellent healing properties. It is rich in flavonoids and carotenes. It accelerates wound healing, soothes irritation and counteracts flakiness.It has anti-inflammatory, antibacterial and antifungal properties. The extract contains 5% lutein. Young green wheat juice extract is a real vitamin bomb, with a very high content of vitamins B, C, E, K, folic acid and minerals such as calcium, phosphorus, zinc, potassium, manganese and others, as well as amino acids, enzymes, fibre and phytohormones with an oestrogenic effect. The powder does not contain essential oils or any fragrance additives. It is made from 100% natural ingredients.  <\/p>\n<p><img loading=\"lazy\" decoding=\"async\" class=\"alignnone wp-image-1529 size-large\" src=\"http:\/\/dvie.pl\/wp-content\/uploads\/2024\/06\/08-e1722341605450-1024x819.jpg\" alt=\"\" width=\"1024\" height=\"819\" srcset=\"https:\/\/www.lovem.eu\/wp-content\/uploads\/2024\/06\/08-e1722341605450-1024x819.jpg 1024w, https:\/\/www.lovem.eu\/wp-content\/uploads\/2024\/06\/08-e1722341605450-300x240.jpg 300w, https:\/\/www.lovem.eu\/wp-content\/uploads\/2024\/06\/08-e1722341605450-768x614.jpg 768w, https:\/\/www.lovem.eu\/wp-content\/uploads\/2024\/06\/08-e1722341605450-1536x1229.jpg 1536w, https:\/\/www.lovem.eu\/wp-content\/uploads\/2024\/06\/08-e1722341605450-1080x864.jpg 1080w, https:\/\/www.lovem.eu\/wp-content\/uploads\/2024\/06\/08-e1722341605450-600x480.jpg 600w, https:\/\/www.lovem.eu\/wp-content\/uploads\/2024\/06\/08-e1722341605450.jpg 1830w\" sizes=\"(max-width: 1024px) 100vw, 1024px\" \/><\/p>\n<p><strong>Benefits:<\/strong><\/p>\n<p>gently cleanses<br \/>\nsoothes irritations<br \/>\nProvides vitamins and minerals<br \/>\ncounteracts flaky skin<\/p>\n<p>&nbsp;<\/p>\n<p><strong>Bioactive ingredients:<\/strong> oat silk, white clay\/kaolin, wheat extract, calendula extract<strong> Oat silk <\/strong>eliminates oiliness and removes excess oil from the skin, without drying out the skin or exposing it to unfavourable factors. It is therefore ideal for sensitive, acne-prone and mature skin.<strong> White clay<\/strong> or kaolin is the most gentle of all clays and is therefore best for sensitive skin. This versatile clay is recommended for both oily and dry skin. It is high in calcium, zinc, silicon and magnesium. It helps to treat pimples and inflammation, preventing the formation of new ones. It stimulates blood circulation, gently exfoliating dead cells and cleansing the skin.<\/p>\n","protected":false},"excerpt":{"rendered":"<p><strong>Lovem Silk and White Clay Botanical Luxury Facial Cleansing Powder<\/strong><\/p>\n<p style=\"text-align: justify;\"><span style=\"font-size: 14px;\">The powder is dedicated to and recommended for all skin types, especially delicate and sensitive skin.\u2006 Formulated for ultra-gentle facial cleansing. <strong><br \/>\n<\/strong><\/span><\/p>\n<p style=\"text-align: justify;\"><span style=\"font-size: 14px;\">Botanical Silk &amp; White Clay Powder is a blend of cleansing and nourishing ingredients. It can be used for daily cleansing of delicate and sensitive skin or as a mask. The base for the Powder is Silk and White Clay, as well as valuable wheat and calendula extracts. Ideal for cleansing delicate, dry and sensitive skin.    <\/span><\/p>\n","protected":false},"featured_media":1178,"comment_status":"open","ping_status":"closed","template":"","meta":{"_acf_changed":false,"_et_pb_use_builder":"","_et_pb_old_content":"","_et_gb_content_width":""},"product_brand":[],"product_cat":[190,192,205,176],"product_tag":[],"class_list":{"0":"post-2123","1":"product","2":"type-product","3":"status-publish","4":"has-post-thumbnail","6":"product_cat-face-cleansing","7":"product_cat-face-cleansing-en","8":"product_cat-oily-and-acne-prone-skin","9":"product_cat-sebum-control","11":"first","12":"outofstock","13":"taxable","14":"shipping-taxable","15":"purchasable","16":"product-type-simple"},"acf":[],"_links":{"self":[{"href":"https:\/\/www.lovem.eu\/en\/wp-json\/wp\/v2\/product\/2123","targetHints":{"allow":["GET"]}}],"collection":[{"href":"https:\/\/www.lovem.eu\/en\/wp-json\/wp\/v2\/product"}],"about":[{"href":"https:\/\/www.lovem.eu\/en\/wp-json\/wp\/v2\/types\/product"}],"replies":[{"embeddable":true,"href":"https:\/\/www.lovem.eu\/en\/wp-json\/wp\/v2\/comments?post=2123"}],"wp:featuredmedia":[{"embeddable":true,"href":"https:\/\/www.lovem.eu\/en\/wp-json\/wp\/v2\/media\/1178"}],"wp:attachment":[{"href":"https:\/\/www.lovem.eu\/en\/wp-json\/wp\/v2\/media?parent=2123"}],"wp:term":[{"taxonomy":"product_brand","embeddable":true,"href":"https:\/\/www.lovem.eu\/en\/wp-json\/wp\/v2\/product_brand?post=2123"},{"taxonomy":"product_cat","embeddable":true,"href":"https:\/\/www.lovem.eu\/en\/wp-json\/wp\/v2\/product_cat?post=2123"},{"taxonomy":"product_tag","embeddable":true,"href":"https:\/\/www.lovem.eu\/en\/wp-json\/wp\/v2\/product_tag?post=2123"}],"curies":[{"name":"wp","href":"https:\/\/api.w.org\/{rel}","templated":true}]}}