{"id":2415,"date":"2025-03-06T17:50:23","date_gmt":"2025-03-06T16:50:23","guid":{"rendered":"https:\/\/www.lovem.eu\/?post_type=product&#038;p=2415"},"modified":"2026-04-16T15:28:15","modified_gmt":"2026-04-16T13:28:15","slug":"lovem-clinic-i-3-o-ethyl-ascorbic-acid-i-wodne-serum-z-witamina-c-i-niacynamidem","status":"publish","type":"product","link":"https:\/\/www.lovem.eu\/en\/produkt\/lovem-clinic-i-3-o-ethyl-ascorbic-acid-i-wodne-serum-z-witamina-c-i-niacynamidem\/","title":{"rendered":"LOVEM Clinic I 3-O-Ethyl Ascorbic Acid I Wodne serum z witamin\u0105 C i niacynamidem I 30ml"},"content":{"rendered":"<p><strong><b>G\u0142\u00f3wny filar piel\u0119gnacji : redukcja przebarwie\u0144 i efekt glow<br \/>\n<\/b><\/strong><\/p>\n<p>Zadanie serum\/boostera<\/p>\n<p>\u2714Odm\u0142odzenie i uj\u0119drnienie.<\/p>\n<p><strong><b>5% czystej Witaminy C<\/b><\/strong> \u2013 w jej bardzo stabilnej, nowoczesnej i skutecznej formie 3-O-ETHYL ASCORBIC ACID (<strong><b>3-O Etylowy kwas askorbinowy). <\/b><\/strong>Co potrafi witamina w tej formie? Wp\u0142ywa na og\u00f3lny wygl\u0105d sk\u00f3ry, nadaj\u0105c jej j\u0119drno\u015b\u0107, elastyczno\u015b\u0107 oraz promienny blask. Pomaga chroni\u0107 sk\u00f3r\u0119 przed negatywnym wp\u0142ywem czynnik\u00f3w zewn\u0119trznych. Doskonale rozja\u015bnia sk\u00f3r\u0119 i wyr\u00f3wnuje jej koloryt. Wykazuje si\u0119 wysok\u0105 skuteczno\u015bci\u0105, jednocze\u015bnie nie powoduj\u0105c podra\u017cnie\u0144. Doskonale rozja\u015bnia sk\u00f3r\u0119 i wyr\u00f3wnuje jej koloryt.<\/p>\n<p><strong><b>3% niacynamid <\/b><\/strong>&#8211; skutecznie redukuje widoczno\u015b\u0107 por\u00f3w, reguluje wydzielanie sebum, \u0142agodzi podra\u017cnienia i zaczerwienienia oraz wspiera barier\u0119 ochronn\u0105 sk\u00f3ry. Dodatkowo, poprawia elastyczno\u015b\u0107 i j\u0119drno\u015b\u0107 sk\u00f3ry, redukuj\u0105c widoczno\u015b\u0107 drobnych zmarszczek i linii mimicznych. Kosmetyki z niacynamidem s\u0105 doskona\u0142ym wyborem dla os\u00f3b z cer\u0105 problematyczn\u0105, t\u0142ust\u0105, a tak\u017ce z cer\u0105 z oznakami starzenia i przebarwieniami.<\/p>\n<p><strong>5% biofermenty z aceroli &#8211; a<span class=\"ILfuVd\" lang=\"pl\"><span class=\"hgKElc\">cerola \u2013 to naturalne, wspania\u0142e i bogate \u017ar\u00f3d\u0142o witaminy C &#8211; przywraca sk\u00f3rze zdrowy, promienny wygl\u0105d<\/span><\/span>! <\/strong>Biofermenty <span class=\"ILfuVd\" lang=\"pl\"><span class=\"hgKElc\">sprawdz\u0105 si\u0119 w piel\u0119gnacji cery zm\u0119czonej, poszarza\u0142ej, cery z przebarwieniami i pozbawionej blasku, cery z pierwszymi oznakami starzenia, cery naczyniowej i z wypryskami. Biofermenty wp\u0142ywaj\u0105 na odbudow\u0119 naturalnej mikroflory znajduj\u0105cej si\u0119 na powierzchni sk\u00f3ry. Biofermenty s\u0105 bogatym \u017ar\u00f3d\u0142em antyoksydant\u00f3w, witamin, minera\u0142\u00f3w, polifenoli, protein, probiotyk\u00f3w.<\/span><\/span><strong><br \/>\n<\/strong><\/p>\n<p>&nbsp;<\/p>\n<p>\u2714 Poprawa wygl\u0105du sk\u00f3ry<\/p>\n<p><strong><b>5% biofermenty z aceroli <\/b><\/strong> \u2013 bogate w antocyjany (rodzaj flawonoid\u00f3w), witaminy A i C oraz karotenoidy znacznie poprawa kondycj\u0119 sk\u00f3ry i jej wygl\u0105d.<\/p>\n<p><strong><b>3 % azeloglicyna<\/b><\/strong> \u2013 to sekret sk\u00f3ry pe\u0142nej blasku! G\u0142\u00f3wnym jej zadaniem jest <strong>rozja\u015bnianie r\u00f3\u017cnego rodzaju przebarwie\u0144<\/strong>, m. in. potr\u0105dzikowych, pourazowych, poci\u0105\u017cowych (melasma), plam soczewicowatych. Przeprowadzono badanie w trakcie kt\u00f3rego por\u00f3wnywano w\u0142a\u015bciwo\u015bci rozja\u015bniaj\u0105ce azeloglicyny (5%), arbutyny i dipalmitynianu kwasu kojowego. Badanie trwa\u0142o 4 tygodnie, kosmetyki stosowano 2 razy dziennie. Najbardziej zauwa\u017calne zmniejszenie przebarwie\u0144 zaobserwowano u probant\u00f3w stosuj\u0105cych kosmetyki z azeloglicyn\u0105.<\/p>\n<p>Link do artyku\u0142u:<a href=\"https:\/\/pubmed.ncbi.nlm.nih.gov\/32730109\/\"> https:\/\/pubmed.ncbi.nlm.nih.gov\/32730109\/<\/a><\/p>\n<p>&nbsp;<\/p>\n<p>\u2714 Redukcja przebarwie\u0144 i rozja\u015bnienie sk\u00f3ry<\/p>\n<p><strong><b>5% czystej 3-O-ETHYL ASCORBIC ACID + 5% biofermenty z aceroli\u00a0<\/b><\/strong> \u2013\u00a0 ten duet mo\u017ce\u00a0 wspiera\u0107 proces rozja\u015bniania sk\u00f3ry oraz wyr\u00f3wnywa\u0107 jej koloryt, nadaj\u0105c cerze \u015bwie\u017cy i zdrowy wygl\u0105d. Witamina C dzia\u0142a wspaniale , a jednocze\u015bnie efektywnie.<\/p>\n<p><strong>3% <b>azeloglicyna<\/b> &#8211; <\/strong>to dla sk\u00f3ry : wydobycie zdrowego blasku, wyr\u00f3wnany koloryt, mniej widoczne przebarwienia.<\/p>\n<p>&nbsp;<\/p>\n<p>\u2714 Nawil\u017cenie i sp\u0142ycenie zmarszczek<\/p>\n<p><strong>kwas hialuronowy\u00a0 ultrama\u0142ocz\u0105steczkowy &#8211;<\/strong> kwas hialuronowy miniHA to kwas o niskiej masie cz\u0105steczkowej: 3000-10000 DA. Doskonale nawil\u017ca sk\u00f3r\u0119 i dzia\u0142a antyoksydacyjnie.\u00a0 Z \u0142atwo\u015bci\u0105 przenika do g\u0142\u0119bszych warstw sk\u00f3ry, skutecznie j\u0105 nawil\u017caj\u0105c i od\u017cywiaj\u0105c. To\u00a0 humektant i substancja zapobiegaj\u0105ca starzeniu si\u0119 sk\u00f3ry.<strong><br \/>\n<\/strong><\/p>\n<p>link do artyku\u0142u: <a href=\"https:\/\/pubmed.ncbi.nlm.nih.gov\/26578719\/\">https:\/\/pubmed.ncbi.nlm.nih.gov\/26578719\/<\/a><\/p>\n<p><strong>hydrolat konopny &#8211;\u00a0<\/strong> w<span class=\"BxUVEf ILfuVd\" lang=\"pl\"><span class=\"hgKElc\">yg\u0142adza cer\u0119, zapewnia jej uczucie mi\u0119kko\u015bci i elastyczno\u015bci. Dzi\u0119ki zawarto\u015bci przeciwutleniaczy oczyszcza, \u0142agodzi i od\u015bwie\u017ca sk\u00f3r\u0119. Wspomaga walk\u0119 z niedoskona\u0142o\u015bciami i podra\u017cnieniami sk\u00f3ry &#8211; \u0142agodzi je oraz przyspiesza regeneracj\u0119 sk\u00f3ry. <\/span><\/span><\/p>\n<p>&nbsp;<\/p>\n<p><strong><b>Dlaczego serum booster Bright &amp; Glow &amp; Perfect Skin z Witamin\u0105 Ethylo C \u00a0?<\/b><\/strong><\/p>\n<ul>\n<li>Wysokie st\u0119\u017cenia sk\u0142adnik\u00f3w aktywnych<\/li>\n<li>Czysty sk\u0142ad<\/li>\n<li>Manufakturowa jako\u015b\u0107<\/li>\n<li>Skuteczno\u015b\u0107 potwierdzona badaniami aplikacyjnymi<\/li>\n<li>Wydajna formu\u0142a<\/li>\n<li>Produkcja ma\u0142ych, zawsze \u015bwie\u017cych partii kosmetyku<\/li>\n<\/ul>\n<p>&nbsp;<\/p>\n<p><strong><b>Dla jakiej cery <\/b><\/strong><strong><b>serum booster<\/b><\/strong><strong><b> Bright &amp; Glow &amp; Perfect Skin z Witamin\u0105 Ethylo C <\/b><\/strong><strong><b> spra<\/b><\/strong><strong><b>wdzi si\u0119 najlepiej<\/b><\/strong><strong><b>\u00a0?<\/b><\/strong><\/p>\n<ul>\n<li>dla cery z przebarwieniami<\/li>\n<li>normalnej, mieszanej, t\u0142ustej i suchej<\/li>\n<li>ze sk\u0142onno\u015bci\u0105 do przet\u0142uszczania i wyprysk\u00f3w<\/li>\n<li>potrzebuj\u0105cej blasku, wyr\u00f3wnania kolorytu i roz\u015bwietlenia.<\/li>\n<li>dla cery dojrza\u0142ej i potrzebuj\u0105cej nawil\u017cenia<\/li>\n<\/ul>\n<p>&nbsp;<\/p>\n<p><strong><b>Czy wiesz, \u017ce?<\/b><\/strong><\/p>\n<p>Czym dok\u0142adnie jest azeloglicyna? To pochodna kwasu azelainowego powsta\u0142a z po\u0142\u0105czenia kwasu azelainowego i glicyny. Inaczej m\u00f3wi\u0105c, azeloglicyna stanowi ulepszon\u0105 i unowocze\u015bnion\u0105 wersj\u0119 kwasu azelainowego. Zachowuje ona wszystkie korzystne w\u0142a\u015bciwo\u015bci kwasu azelainowego jest bezpieczniejsza ni\u017c kwas azelainowy i lepiej tolerowana przez sk\u00f3r\u0119. Ponadto, dzia\u0142a efektywnie nawet w niskich st\u0119\u017ceniach oraz \u015bwietnie komponuje si\u0119 z innymi surowcami kosmetycznymi, a w recepturach kosmetycznych zachowuje si\u0119 bardziej stabilnie.<\/p>\n<p><strong><b>\u00a0<\/b><\/strong><\/p>\n<p><strong><b>Wskaz\u00f3wka LOVEM<\/b><\/strong><\/p>\n<p data-start=\"92\" data-end=\"829\">Aby uzyska\u0107 jeszcze lepszy efekt rozja\u015bnienia przebarwie\u0144 i wyr\u00f3wnania kolorytu sk\u00f3ry &#8211; wypr\u00f3buj technik\u0119 <strong data-start=\"578\" data-end=\"591\">\u201epatting\u201d<\/strong>, czyli delikatnego klepania sk\u00f3ry opuszkami palc\u00f3w, w trakcie aplikacji serum, by pobudzi\u0107 produkcj\u0119 kolagenu i poprawi\u0107 elastyczno\u015b\u0107. To sprawia, \u017ce sk\u0142adniki wch\u0142aniaj\u0105 si\u0119 g\u0142\u0119biej, a sk\u00f3ra lepiej reaguje na aktywne substancje.Kiedy sk\u00f3ra jest w pe\u0142ni nawil\u017cona i od\u017cywiona, przebarwienia zaczynaj\u0105 znika\u0107, a cera wygl\u0105da na zdrowsz\u0105 i bardziej promienn\u0105! Tego typu metoda ma nie tylko dzia\u0142anie oczyszczaj\u0105ce, ale te\u017c zmi\u0119kcza sk\u00f3r\u0119, a regularne stosowanie pomo\u017ce uzyska\u0107 efekt g\u0142adkiej, jednolitej cery, jak u Azjatek<\/p>\n<p>&nbsp;<\/p>\n","protected":false},"excerpt":{"rendered":"<p>Unikalna, formu\u0142a wodno-\u017celowego serum boostera z wyj\u0105tkow\u0105 witamin\u0105 C i azeloglicyn\u0105 ma wp\u0142ywa\u0107 na redukcj\u0119 przebarwie\u0144, ukojenie, od\u017cywienie i rewitalizacj\u0119 sk\u00f3ry, oraz na jej roz\u015bwietlenie, uj\u0119drnienie i napi\u0119cie.\u00a0 Zapewni sk\u00f3rze pi\u0119kny efekt glow i zmniejszy widoczno\u015b\u0107 zmarszczek.<\/p>\n<p>Specjalistyczne serum antyoksydacyjne o wodno-\u017celowej formule z ultrastabiln\u0105 etylow\u0105 form\u0105 witaminy C zawiera tak\u017ce\u00a0 niacynamid, d-panthenol, azeloglicyn\u0119, biofermenty i kwas hialuronowy. Dopracowana formu\u0142a kosmetyku dzia\u0142a na sk\u00f3r\u0119 terapeutycznie pozostawiaj\u0105c j\u0105 wyra\u017anie rozja\u015bnion\u0105, g\u0142adsz\u0105, j\u0119drniejsz\u0105 i m\u0142odsz\u0105. Serum przywraca pi\u0119kny wygl\u0105d sk\u00f3rze mieszanej, t\u0142ustej i problematycznej, a tak\u017ce tej wra\u017cliwej i suchej \u2013 staje si\u0119 ona bardziej napi\u0119ta i pe\u0142na blasku. To serum jest wspania\u0142e!<\/p>\n<p>pojemno\u015b\u0107: 30ml<\/p>\n<p>30ml \u2013 463,33 z\u0142\/100ml \u2013 razem z VAT<\/p>\n","protected":false},"featured_media":2460,"comment_status":"open","ping_status":"closed","template":"","meta":{"_acf_changed":false,"_et_pb_use_builder":"","_et_pb_old_content":"","_et_gb_content_width":""},"product_brand":[],"product_cat":[77,81,75,79,80,78,88,83,167,85,87,86,29],"product_tag":[271,275,272,274,273],"class_list":{"0":"post-2415","1":"product","2":"type-product","3":"status-publish","4":"has-post-thumbnail","6":"product_cat-cera-dojrzala","7":"product_cat-cera-mieszana","8":"product_cat-cera-przetluszczona-i-tradzikowa","9":"product_cat-cera-sucha","10":"product_cat-cera-wrazliwa","11":"product_cat-cera-z-przebarwieniami","12":"product_cat-kontrola-sebum","13":"product_cat-nawilzanie","14":"product_cat-nowosci","15":"product_cat-odzywianie","16":"product_cat-proaging","17":"product_cat-regeneracja","18":"product_cat-sera-boostery","19":"product_tag-serum","20":"product_tag-serum-na-przebarwienia","21":"product_tag-serum-wodne","22":"product_tag-serum-z-niacynamidem","23":"product_tag-serum-z-witamina-c","25":"first","26":"instock","27":"taxable","28":"shipping-taxable","29":"purchasable","30":"product-type-simple"},"acf":[],"_links":{"self":[{"href":"https:\/\/www.lovem.eu\/en\/wp-json\/wp\/v2\/product\/2415","targetHints":{"allow":["GET"]}}],"collection":[{"href":"https:\/\/www.lovem.eu\/en\/wp-json\/wp\/v2\/product"}],"about":[{"href":"https:\/\/www.lovem.eu\/en\/wp-json\/wp\/v2\/types\/product"}],"replies":[{"embeddable":true,"href":"https:\/\/www.lovem.eu\/en\/wp-json\/wp\/v2\/comments?post=2415"}],"wp:featuredmedia":[{"embeddable":true,"href":"https:\/\/www.lovem.eu\/en\/wp-json\/wp\/v2\/media\/2460"}],"wp:attachment":[{"href":"https:\/\/www.lovem.eu\/en\/wp-json\/wp\/v2\/media?parent=2415"}],"wp:term":[{"taxonomy":"product_brand","embeddable":true,"href":"https:\/\/www.lovem.eu\/en\/wp-json\/wp\/v2\/product_brand?post=2415"},{"taxonomy":"product_cat","embeddable":true,"href":"https:\/\/www.lovem.eu\/en\/wp-json\/wp\/v2\/product_cat?post=2415"},{"taxonomy":"product_tag","embeddable":true,"href":"https:\/\/www.lovem.eu\/en\/wp-json\/wp\/v2\/product_tag?post=2415"}],"curies":[{"name":"wp","href":"https:\/\/api.w.org\/{rel}","templated":true}]}}